{"id":6158,"date":"2023-01-11T08:01:09","date_gmt":"2023-01-11T06:01:09","guid":{"rendered":"https:\/\/constantinbucovina.ro\/ueber-uns\/"},"modified":"2024-07-31T10:14:46","modified_gmt":"2024-07-31T07:14:46","slug":"ueber-uns","status":"publish","type":"page","link":"https:\/\/constantinbucovina.ro\/de\/ueber-uns\/","title":{"rendered":"\u00dcber uns"},"content":{"rendered":"\t\t<div data-elementor-type=\"wp-page\" data-elementor-id=\"6158\" class=\"elementor elementor-6158 elementor-12\" data-elementor-post-type=\"page\">\n\t\t\t\t\t\t<section class=\"elementor-section elementor-top-section elementor-element elementor-element-3caa841 elementor-section-full_width elementor-section-height-default elementor-section-height-default\" data-id=\"3caa841\" data-element_type=\"section\">\n\t\t\t\t\t\t<div class=\"elementor-container elementor-column-gap-no\">\n\t\t\t\t\t<div class=\"elementor-column elementor-col-50 elementor-top-column elementor-element elementor-element-2a29c3c\" data-id=\"2a29c3c\" data-element_type=\"column\">\n\t\t\t<div class=\"elementor-widget-wrap elementor-element-populated\">\n\t\t\t\t\t\t<div class=\"elementor-element elementor-element-ba2d5a1 elementor-widget elementor-widget-heading\" data-id=\"ba2d5a1\" data-element_type=\"widget\" data-widget_type=\"heading.default\">\n\t\t\t\t<div class=\"elementor-widget-container\">\n\t\t\t\t\t<h1 class=\"elementor-heading-title elementor-size-default\">\u00dcBER UNS<\/h1>\t\t\t\t<\/div>\n\t\t\t\t<\/div>\n\t\t\t\t<div class=\"elementor-element elementor-element-9f9a3d8 elementor-widget elementor-widget-image\" data-id=\"9f9a3d8\" data-element_type=\"widget\" data-widget_type=\"image.default\">\n\t\t\t\t<div class=\"elementor-widget-container\">\n\t\t\t\t\t\t\t\t\t\t\t\t\t\t\t<img fetchpriority=\"high\" decoding=\"async\" width=\"554\" height=\"91\" src=\"https:\/\/constantinbucovina.ro\/wp-content\/uploads\/2023\/01\/Group-702.png\" class=\"attachment-full size-full wp-image-154\" alt=\"\" srcset=\"https:\/\/constantinbucovina.ro\/wp-content\/uploads\/2023\/01\/Group-702.png.webp 554w, https:\/\/constantinbucovina.ro\/wp-content\/uploads\/2023\/01\/Group-702-300x49.png.webp 300w\" sizes=\"(max-width: 554px) 100vw, 554px\" \/>\t\t\t\t\t\t\t\t\t\t\t\t\t\t\t<\/div>\n\t\t\t\t<\/div>\n\t\t\t\t<div class=\"elementor-element elementor-element-e4138d9 elementor-widget elementor-widget-text-editor\" data-id=\"e4138d9\" data-element_type=\"widget\" data-widget_type=\"text-editor.default\">\n\t\t\t\t<div class=\"elementor-widget-container\">\n\t\t\t\t\t\t\t\t\t<p>Entdecken Sie das Juwel der Bukowina &#8211; <strong>Das Constantin Touristenkomplex<\/strong> in Campulung Moldovenesc, Suceava.<\/p>\n<p>Inmitten dieser m\u00e4rchenhaften Region l\u00e4dt unser Komplex Sie ein, Raffinesse und Authentizit\u00e4t in jedem Detail zu erleben. Mit 27 Zimmern, die f\u00fcr die malerischsten Bergpanoramen konzipiert sind, versichern wir Ihnen, dass jeder Moment hier unvergesslich sein wird.<\/p>\n<p>Und f\u00fcr die Kleinen haben wir einen speziellen Spielbereich vorbereitet, w\u00e4hrend diejenigen, die Entspannung oder gesch\u00e4ftliche Gespr\u00e4che suchen, von malerischen Pavillons und einem hochmodernen Konferenzraum profitieren k\u00f6nnen.<\/p>\n<p>W\u00e4hlen Sie Erlebnis, Geschmack und Tradition &#8211; w\u00e4hlen Sie den Complex Turistic Constantin!<\/p>\n\t\t\t\t\t\t\t\t<\/div>\n\t\t\t\t<\/div>\n\t\t\t\t<div class=\"elementor-element elementor-element-5ec86a7 elementor-widget elementor-widget-heading\" data-id=\"5ec86a7\" data-element_type=\"widget\" data-widget_type=\"heading.default\">\n\t\t\t\t<div class=\"elementor-widget-container\">\n\t\t\t\t\t<h2 class=\"elementor-heading-title elementor-size-default\">Erlebnis<\/h2>\t\t\t\t<\/div>\n\t\t\t\t<\/div>\n\t\t\t\t<div class=\"elementor-element elementor-element-0fc35c3 elementor-widget elementor-widget-text-editor\" data-id=\"0fc35c3\" data-element_type=\"widget\" data-widget_type=\"text-editor.default\">\n\t\t\t\t<div class=\"elementor-widget-container\">\n\t\t\t\t\t\t\t\t\t<p>Im Laufe der Jahre hat das Team des <strong>Touristenkomplex Constantin<\/strong> seinen G\u00e4sten Professionalit\u00e4t, H\u00f6flichkeit und Freundlichkeit geboten und bewiesen, und erhielt positive Bewertungen sogar von den anspruchsvollsten Touristen.<\/p>\n<p>Das <strong>Touristenkomplex Constantin<\/strong> in Campulung Moldovenesc bietet eine ideale Umgebung sowohl f\u00fcr Unterk\u00fcnfte als auch f\u00fcr Konferenzen, Symposien, Gesch\u00e4ftstreffen oder kulturelle Veranstaltungen.<\/p>\n\t\t\t\t\t\t\t\t<\/div>\n\t\t\t\t<\/div>\n\t\t\t\t<div class=\"elementor-element elementor-element-b934c6e elementor-widget elementor-widget-heading\" data-id=\"b934c6e\" data-element_type=\"widget\" data-widget_type=\"heading.default\">\n\t\t\t\t<div class=\"elementor-widget-container\">\n\t\t\t\t\t<h3 class=\"elementor-heading-title elementor-size-default\">\u00dcber die Umgebung<\/h3>\t\t\t\t<\/div>\n\t\t\t\t<\/div>\n\t\t\t\t<div class=\"elementor-element elementor-element-3a1c0b5 elementor-widget elementor-widget-text-editor\" data-id=\"3a1c0b5\" data-element_type=\"widget\" data-widget_type=\"text-editor.default\">\n\t\t\t\t<div class=\"elementor-widget-container\">\n\t\t\t\t\t\t\t\t\t<p>Durch seine Lage im Zentrum von C\u00e2mpulung Moldovenesc, an der Hauptstra\u00dfe, erm\u00f6glicht es einen schnellen Zugang zu den interessantesten touristischen Zielen in der Region, wie zum Beispiel der Suceavaer Burghof, das Geschichtsmuseum, einzigartige Kirchen und Kl\u00f6ster mit ber\u00fchmten Wandmalereien, einige davon geh\u00f6ren zum nationalen Erbe und sind Teil des UNESCO-Weltkulturerbes.<\/p>\n\t\t\t\t\t\t\t\t<\/div>\n\t\t\t\t<\/div>\n\t\t\t\t<div class=\"elementor-element elementor-element-48b6800 elementor-widget elementor-widget-heading\" data-id=\"48b6800\" data-element_type=\"widget\" data-widget_type=\"heading.default\">\n\t\t\t\t<div class=\"elementor-widget-container\">\n\t\t\t\t\t<h3 class=\"elementor-heading-title elementor-size-default\">Inspiration<\/h3>\t\t\t\t<\/div>\n\t\t\t\t<\/div>\n\t\t\t\t<div class=\"elementor-element elementor-element-1d3a353 elementor-widget elementor-widget-text-editor\" data-id=\"1d3a353\" data-element_type=\"widget\" data-widget_type=\"text-editor.default\">\n\t\t\t\t<div class=\"elementor-widget-container\">\n\t\t\t\t\t\t\t\t\t<p>In der warmen Jahreszeit, nach einem Besuch der Suceavaer Burghof und verschiedener Sehensw\u00fcrdigkeiten in der Umgebung, k\u00f6nnen Sie sich auf der Terrasse des <strong>Touristenkomplex Constantin<\/strong> entspannen, die im ultra-modernen, futuristischen Stil gestaltet wurde, mit speziell entworfenen Dekorationselementen, um den G\u00e4sten eine unvergessliche und einladende Atmosph\u00e4re zu bieten.<\/p>\n<p>Die Erfahrung, die Sie machen werden, inspiriert von Geschichte, Kultur, kulinarischer Kunst und der Tradition der Region, wird zweifellos unvergesslich sein.<\/p>\n\t\t\t\t\t\t\t\t<\/div>\n\t\t\t\t<\/div>\n\t\t\t\t<div class=\"elementor-element elementor-element-68cb293 elementor-widget elementor-widget-heading\" data-id=\"68cb293\" data-element_type=\"widget\" data-widget_type=\"heading.default\">\n\t\t\t\t<div class=\"elementor-widget-container\">\n\t\t\t\t\t<h3 class=\"elementor-heading-title elementor-size-default\">Standort<\/h3>\t\t\t\t<\/div>\n\t\t\t\t<\/div>\n\t\t\t\t<div class=\"elementor-element elementor-element-2626182 elementor-widget elementor-widget-text-editor\" data-id=\"2626182\" data-element_type=\"widget\" data-widget_type=\"text-editor.default\">\n\t\t\t\t<div class=\"elementor-widget-container\">\n\t\t\t\t\t\t\t\t\t<p>Die Lage ist besonders wertvoll, da sich der <strong>Constantin-Komplex<\/strong> in einer ruhigen Gegend in der N\u00e4he der wichtigsten Sehensw\u00fcrdigkeiten befindet (Sucevi\u021ba-Kloster, Moldovi\u021ba-Kloster, das Kloster Sf\u00e2ntul Ioan cel Nou in Suceava, die Suceavaer Burghof).<\/p>\n<p>Die bezaubernde Aussicht, die faszinierende Bilder und historische Monumente einf\u00e4ngt, ist das Hauptmerkmal, das uns unter den bevorzugten Zielen f\u00fcr kulturell-historische Urlauber positioniert.<\/p>\n\t\t\t\t\t\t\t\t<\/div>\n\t\t\t\t<\/div>\n\t\t\t\t\t<\/div>\n\t\t<\/div>\n\t\t\t\t<div class=\"elementor-column elementor-col-50 elementor-top-column elementor-element elementor-element-0b3732a\" data-id=\"0b3732a\" data-element_type=\"column\">\n\t\t\t<div class=\"elementor-widget-wrap elementor-element-populated\">\n\t\t\t\t\t\t<div class=\"elementor-element elementor-element-78ed308 elementor-widget elementor-widget-video\" data-id=\"78ed308\" data-element_type=\"widget\" data-settings=\"{&quot;video_type&quot;:&quot;hosted&quot;,&quot;autoplay&quot;:&quot;yes&quot;,&quot;mute&quot;:&quot;yes&quot;}\" data-widget_type=\"video.default\">\n\t\t\t\t<div class=\"elementor-widget-container\">\n\t\t\t\t\t\t\t<div class=\"e-hosted-video elementor-wrapper elementor-open-inline\">\n\t\t\t\t\t<video class=\"elementor-video\" src=\"https:\/\/constantinbucovina.ro\/wp-content\/uploads\/2023\/08\/5ed06ee8-da8c-4485-916e-4e0517897176.mp4\" autoplay=\"\" muted=\"muted\" controlsList=\"nodownload\"><\/video>\n\t\t\t\t<\/div>\n\t\t\t\t\t\t<\/div>\n\t\t\t\t<\/div>\n\t\t\t\t<div class=\"elementor-element elementor-element-afc6332 elementor-widget elementor-widget-image\" data-id=\"afc6332\" data-element_type=\"widget\" data-widget_type=\"image.default\">\n\t\t\t\t<div class=\"elementor-widget-container\">\n\t\t\t\t\t\t\t\t\t\t\t\t\t\t\t<img decoding=\"async\" width=\"840\" height=\"460\" src=\"https:\/\/constantinbucovina.ro\/wp-content\/uploads\/2023\/08\/Share.jpeg\" class=\"attachment-full size-full wp-image-6068\" alt=\"\" srcset=\"https:\/\/constantinbucovina.ro\/wp-content\/uploads\/2023\/08\/Share.jpeg 840w, https:\/\/constantinbucovina.ro\/wp-content\/uploads\/2023\/08\/Share-300x164.jpeg 300w, https:\/\/constantinbucovina.ro\/wp-content\/uploads\/2023\/08\/Share-768x421.jpeg.webp 768w\" sizes=\"(max-width: 840px) 100vw, 840px\" \/>\t\t\t\t\t\t\t\t\t\t\t\t\t\t\t<\/div>\n\t\t\t\t<\/div>\n\t\t\t\t<div class=\"elementor-element elementor-element-70a50f1 elementor-widget elementor-widget-image\" data-id=\"70a50f1\" data-element_type=\"widget\" data-widget_type=\"image.default\">\n\t\t\t\t<div class=\"elementor-widget-container\">\n\t\t\t\t\t\t\t\t\t\t\t\t\t\t\t<img decoding=\"async\" width=\"1200\" height=\"798\" src=\"https:\/\/constantinbucovina.ro\/wp-content\/uploads\/2023\/08\/DSC_2211-compressed.jpg\" class=\"attachment-full size-full wp-image-6066\" alt=\"\" srcset=\"https:\/\/constantinbucovina.ro\/wp-content\/uploads\/2023\/08\/DSC_2211-compressed.jpg 1200w, https:\/\/constantinbucovina.ro\/wp-content\/uploads\/2023\/08\/DSC_2211-compressed-300x200.jpg.webp 300w, https:\/\/constantinbucovina.ro\/wp-content\/uploads\/2023\/08\/DSC_2211-compressed-1024x681.jpg.webp 1024w, https:\/\/constantinbucovina.ro\/wp-content\/uploads\/2023\/08\/DSC_2211-compressed-768x511.jpg.webp 768w\" sizes=\"(max-width: 1200px) 100vw, 1200px\" \/>\t\t\t\t\t\t\t\t\t\t\t\t\t\t\t<\/div>\n\t\t\t\t<\/div>\n\t\t\t\t\t<\/div>\n\t\t<\/div>\n\t\t\t\t\t<\/div>\n\t\t<\/section>\n\t\t\t\t<section class=\"elementor-section elementor-top-section elementor-element elementor-element-d027345 elementor-section-full_width elementor-section-height-default elementor-section-height-default\" data-id=\"d027345\" data-element_type=\"section\">\n\t\t\t\t\t\t<div class=\"elementor-container elementor-column-gap-no\">\n\t\t\t\t\t<div class=\"elementor-column elementor-col-100 elementor-top-column elementor-element elementor-element-27dbfcb\" data-id=\"27dbfcb\" data-element_type=\"column\">\n\t\t\t<div class=\"elementor-widget-wrap elementor-element-populated\">\n\t\t\t\t\t\t<div class=\"elementor-element elementor-element-ac6364d elementor-widget__width-initial elementor-absolute elementor-hidden-mobile elementor-widget elementor-widget-image\" data-id=\"ac6364d\" data-element_type=\"widget\" data-settings=\"{&quot;_position&quot;:&quot;absolute&quot;}\" data-widget_type=\"image.default\">\n\t\t\t\t<div class=\"elementor-widget-container\">\n\t\t\t\t\t\t\t\t\t\t\t\t\t\t\t<img loading=\"lazy\" decoding=\"async\" width=\"368\" height=\"736\" src=\"https:\/\/constantinbucovina.ro\/wp-content\/uploads\/2023\/01\/Vector-1-e1696406699583.png\" class=\"attachment-full size-full wp-image-294\" alt=\"\" srcset=\"https:\/\/constantinbucovina.ro\/wp-content\/uploads\/2023\/01\/Vector-1-e1696406699583.png 368w, https:\/\/constantinbucovina.ro\/wp-content\/uploads\/2023\/01\/Vector-1-e1696406699583-150x300.png.webp 150w\" sizes=\"(max-width: 368px) 100vw, 368px\" \/>\t\t\t\t\t\t\t\t\t\t\t\t\t\t\t<\/div>\n\t\t\t\t<\/div>\n\t\t\t\t<div class=\"elementor-element elementor-element-7e60f73 elementor-widget elementor-widget-heading\" data-id=\"7e60f73\" data-element_type=\"widget\" data-widget_type=\"heading.default\">\n\t\t\t\t<div class=\"elementor-widget-container\">\n\t\t\t\t\t<h2 class=\"elementor-heading-title elementor-size-default\">ZIMMER<\/h2>\t\t\t\t<\/div>\n\t\t\t\t<\/div>\n\t\t\t\t<div class=\"elementor-element elementor-element-761cfb5 elementor-widget elementor-widget-image\" data-id=\"761cfb5\" data-element_type=\"widget\" data-widget_type=\"image.default\">\n\t\t\t\t<div class=\"elementor-widget-container\">\n\t\t\t\t\t\t\t\t\t\t\t\t\t\t\t<img loading=\"lazy\" decoding=\"async\" width=\"554\" height=\"91\" src=\"https:\/\/constantinbucovina.ro\/wp-content\/uploads\/2023\/01\/Group-703.png\" class=\"attachment-full size-full wp-image-161\" alt=\"\" srcset=\"https:\/\/constantinbucovina.ro\/wp-content\/uploads\/2023\/01\/Group-703.png.webp 554w, https:\/\/constantinbucovina.ro\/wp-content\/uploads\/2023\/01\/Group-703-300x49.png.webp 300w\" sizes=\"(max-width: 554px) 100vw, 554px\" \/>\t\t\t\t\t\t\t\t\t\t\t\t\t\t\t<\/div>\n\t\t\t\t<\/div>\n\t\t\t\t<div class=\"elementor-element elementor-element-8d63863 elementor-widget elementor-widget-text-editor\" data-id=\"8d63863\" data-element_type=\"widget\" data-widget_type=\"text-editor.default\">\n\t\t\t\t<div class=\"elementor-widget-container\">\n\t\t\t\t\t\t\t\t\t<p><strong>Das Touristenkomplex Constantin<\/strong> wird von den meisten seiner G\u00e4ste als ein authentisches Beispiel f\u00fcr guten Geschmack und Raffinesse beschrieben.<\/p>\n\t\t\t\t\t\t\t\t<\/div>\n\t\t\t\t<\/div>\n\t\t\t\t<div class=\"elementor-element elementor-element-da3c130 elementor-align-right elementor-widget elementor-widget-button\" data-id=\"da3c130\" data-element_type=\"widget\" data-widget_type=\"button.default\">\n\t\t\t\t<div class=\"elementor-widget-container\">\n\t\t\t\t\t\t\t\t\t<div class=\"elementor-button-wrapper\">\n\t\t\t\t\t<a class=\"elementor-button elementor-button-link elementor-size-sm\" href=\"https:\/\/constantinbucovina.ro\/de\/zimmer\/\">\n\t\t\t\t\t\t<span class=\"elementor-button-content-wrapper\">\n\t\t\t\t\t\t\t\t\t<span class=\"elementor-button-text\">ALLE ZIMMER<\/span>\n\t\t\t\t\t<\/span>\n\t\t\t\t\t<\/a>\n\t\t\t\t<\/div>\n\t\t\t\t\t\t\t\t<\/div>\n\t\t\t\t<\/div>\n\t\t\t\t\t<\/div>\n\t\t<\/div>\n\t\t\t\t\t<\/div>\n\t\t<\/section>\n\t\t\t\t<section class=\"elementor-section elementor-top-section elementor-element elementor-element-6fa8681 elementor-section-full_width elementor-section-height-default elementor-section-height-default\" data-id=\"6fa8681\" data-element_type=\"section\">\n\t\t\t\t\t\t<div class=\"elementor-container elementor-column-gap-no\">\n\t\t\t\t\t<div class=\"elementor-column elementor-col-100 elementor-top-column elementor-element elementor-element-0a8b7b1\" data-id=\"0a8b7b1\" data-element_type=\"column\">\n\t\t\t<div class=\"elementor-widget-wrap elementor-element-populated\">\n\t\t\t\t\t\t<div class=\"elementor-element elementor-element-e03b4b0 custom-slider-room e-transform elementor-skin-carousel elementor-pagination-type-bullets elementor-pagination-position-outside elementor-widget elementor-widget-media-carousel\" data-id=\"e03b4b0\" data-element_type=\"widget\" data-settings=\"{&quot;slides_per_view&quot;:&quot;4&quot;,&quot;slides_to_scroll&quot;:&quot;1&quot;,&quot;space_between&quot;:{&quot;unit&quot;:&quot;px&quot;,&quot;size&quot;:40,&quot;sizes&quot;:[]},&quot;slides_per_view_tablet&quot;:&quot;2&quot;,&quot;slides_to_scroll_tablet&quot;:&quot;1&quot;,&quot;_transform_translateX_effect&quot;:{&quot;unit&quot;:&quot;px&quot;,&quot;size&quot;:-102,&quot;sizes&quot;:[]},&quot;_transform_translateY_effect&quot;:{&quot;unit&quot;:&quot;px&quot;,&quot;size&quot;:-9,&quot;sizes&quot;:[]},&quot;space_between_tablet&quot;:{&quot;unit&quot;:&quot;px&quot;,&quot;size&quot;:25,&quot;sizes&quot;:[]},&quot;skin&quot;:&quot;carousel&quot;,&quot;effect&quot;:&quot;slide&quot;,&quot;pagination&quot;:&quot;bullets&quot;,&quot;speed&quot;:500,&quot;space_between_mobile&quot;:{&quot;unit&quot;:&quot;px&quot;,&quot;size&quot;:10,&quot;sizes&quot;:[]},&quot;_transform_translateX_effect_tablet&quot;:{&quot;unit&quot;:&quot;px&quot;,&quot;size&quot;:&quot;&quot;,&quot;sizes&quot;:[]},&quot;_transform_translateX_effect_mobile&quot;:{&quot;unit&quot;:&quot;px&quot;,&quot;size&quot;:&quot;&quot;,&quot;sizes&quot;:[]},&quot;_transform_translateY_effect_tablet&quot;:{&quot;unit&quot;:&quot;px&quot;,&quot;size&quot;:&quot;&quot;,&quot;sizes&quot;:[]},&quot;_transform_translateY_effect_mobile&quot;:{&quot;unit&quot;:&quot;px&quot;,&quot;size&quot;:&quot;&quot;,&quot;sizes&quot;:[]}}\" data-widget_type=\"media-carousel.default\">\n\t\t\t\t<div class=\"elementor-widget-container\">\n\t\t\t\t\t\t\t\t\t<div class=\"elementor-swiper\">\n\t\t\t\t\t<div class=\"elementor-main-swiper swiper\" role=\"region\" aria-roledescription=\"carousel\" aria-label=\"Slider\">\n\t\t\t\t<div class=\"swiper-wrapper\">\n\t\t\t\t\t\t\t\t\t\t\t<div class=\"swiper-slide\" role=\"group\" aria-roledescription=\"slide\">\n\t\t\t\t\t\t\t<a href=\"https:\/\/constantinbucovina.ro\/de\/doppelzimmer-standard\/\">\t\t<div class=\"elementor-carousel-image\" role=\"img\" aria-label=\"double standard11\" style=\"background-image: url(&#039;https:\/\/constantinbucovina.ro\/wp-content\/uploads\/2023\/08\/CTC-96-min.jpg&#039;)\">\n\n\t\t\t\n\t\t\t\t\t<\/div>\n\t\t\t\t\t<div class=\"elementor-carousel-image-overlay e-overlay-animation-fade\">\n\t\t\t\t<div class=\"room-slider-block\">\n<div class=\"room-description\">\n<span>DOUBLE STANDARD<\/span>\n<\/div>\n<\/div>\t\t\t<\/div>\n\t\t\t<\/a>\t\t\t\t\t\t<\/div>\n\t\t\t\t\t\t\t\t\t\t\t<div class=\"swiper-slide\" role=\"group\" aria-roledescription=\"slide\">\n\t\t\t\t\t\t\t<a href=\"https:\/\/constantinbucovina.ro\/de\/double-deluxe\/\">\t\t<div class=\"elementor-carousel-image\" role=\"img\" aria-label=\"double deluxe14\" style=\"background-image: url(&#039;https:\/\/constantinbucovina.ro\/wp-content\/uploads\/2023\/08\/CTC-135-min.jpg&#039;)\">\n\n\t\t\t\n\t\t\t\t\t<\/div>\n\t\t\t\t\t<div class=\"elementor-carousel-image-overlay e-overlay-animation-fade\">\n\t\t\t\t<div class=\"room-slider-block\">\n<div class=\"room-description\">\n<span>DOUBLE DELUXE<\/span>\n<\/div>\n<\/div>\t\t\t<\/div>\n\t\t\t<\/a>\t\t\t\t\t\t<\/div>\n\t\t\t\t\t\t\t\t\t\t\t<div class=\"swiper-slide\" role=\"group\" aria-roledescription=\"slide\">\n\t\t\t\t\t\t\t<a href=\"https:\/\/constantinbucovina.ro\/de\/business\/\">\t\t<div class=\"elementor-carousel-image\" role=\"img\" aria-label=\"business5\" style=\"background-image: url(&#039;https:\/\/constantinbucovina.ro\/wp-content\/uploads\/2023\/08\/CTC-249.jpg&#039;)\">\n\n\t\t\t\n\t\t\t\t\t<\/div>\n\t\t\t\t\t<div class=\"elementor-carousel-image-overlay e-overlay-animation-fade\">\n\t\t\t\t<div class=\"room-slider-block\">\n<div class=\"room-description\">\n<span>BUSINESS<\/span>\n<\/div>\n<\/div>\t\t\t<\/div>\n\t\t\t<\/a>\t\t\t\t\t\t<\/div>\n\t\t\t\t\t\t\t\t\t\t\t<div class=\"swiper-slide\" role=\"group\" aria-roledescription=\"slide\">\n\t\t\t\t\t\t\t<a href=\"https:\/\/constantinbucovina.ro\/de\/doppelzimmer-premium-king\/\">\t\t<div class=\"elementor-carousel-image\" role=\"img\" aria-label=\"king13\" style=\"background-image: url(&#039;https:\/\/constantinbucovina.ro\/wp-content\/uploads\/2023\/08\/CTC-7-min.jpg&#039;)\">\n\n\t\t\t\n\t\t\t\t\t<\/div>\n\t\t\t\t\t<div class=\"elementor-carousel-image-overlay e-overlay-animation-fade\">\n\t\t\t\t<div class=\"room-slider-block\">\n<div class=\"room-description\">\n<span>DOUBLE PREMIUM KING<\/span>\n<\/div>\n<\/div>\t\t\t<\/div>\n\t\t\t<\/a>\t\t\t\t\t\t<\/div>\n\t\t\t\t\t\t\t\t\t\t\t<div class=\"swiper-slide\" role=\"group\" aria-roledescription=\"slide\">\n\t\t\t\t\t\t\t<a href=\"https:\/\/constantinbucovina.ro\/de\/doppelzimmer-premium-queen\/\">\t\t<div class=\"elementor-carousel-image\" role=\"img\" aria-label=\"queen16\" style=\"background-image: url(&#039;https:\/\/constantinbucovina.ro\/wp-content\/uploads\/2023\/08\/CTC-70-min.jpg&#039;)\">\n\n\t\t\t\n\t\t\t\t\t<\/div>\n\t\t\t\t\t<div class=\"elementor-carousel-image-overlay e-overlay-animation-fade\">\n\t\t\t\t<div class=\"room-slider-block\">\n<div class=\"room-description\">\n<span>DOUBLE PREMIUM QUEEN<\/span>\n<\/div>\n<\/div>\t\t\t<\/div>\n\t\t\t<\/a>\t\t\t\t\t\t<\/div>\n\t\t\t\t\t\t\t\t\t<\/div>\n\t\t\t\t\t\t\t\t\t\t\t\t\t\t\t\t\t\t\t\t<div class=\"swiper-pagination\"><\/div>\n\t\t\t\t\t\t\t\t\t\t\t\t<\/div>\n\t\t\t\t<\/div>\n\t\t\t\t\t\t\t\t<\/div>\n\t\t\t\t<\/div>\n\t\t\t\t\t<\/div>\n\t\t<\/div>\n\t\t\t\t\t<\/div>\n\t\t<\/section>\n\t\t\t\t<\/div>\n\t\t","protected":false},"excerpt":{"rendered":"<p>\u00dcBER UNS Entdecken Sie das Juwel der Bukowina &#8211; Das Constantin Touristenkomplex in Campulung Moldovenesc, Suceava. Inmitten dieser m\u00e4rchenhaften Region l\u00e4dt unser Komplex Sie ein, Raffinesse und Authentizit\u00e4t in jedem Detail zu erleben. Mit 27 Zimmern, die f\u00fcr die malerischsten Bergpanoramen konzipiert sind, versichern wir Ihnen, dass jeder Moment hier unvergesslich sein wird. Und f\u00fcr [&hellip;]<\/p>\n","protected":false},"author":1,"featured_media":0,"parent":0,"menu_order":0,"comment_status":"closed","ping_status":"closed","template":"elementor_header_footer","meta":{"footnotes":""},"class_list":["post-6158","page","type-page","status-publish","hentry"],"_links":{"self":[{"href":"https:\/\/constantinbucovina.ro\/de\/wp-json\/wp\/v2\/pages\/6158","targetHints":{"allow":["GET"]}}],"collection":[{"href":"https:\/\/constantinbucovina.ro\/de\/wp-json\/wp\/v2\/pages"}],"about":[{"href":"https:\/\/constantinbucovina.ro\/de\/wp-json\/wp\/v2\/types\/page"}],"author":[{"embeddable":true,"href":"https:\/\/constantinbucovina.ro\/de\/wp-json\/wp\/v2\/users\/1"}],"replies":[{"embeddable":true,"href":"https:\/\/constantinbucovina.ro\/de\/wp-json\/wp\/v2\/comments?post=6158"}],"version-history":[{"count":10,"href":"https:\/\/constantinbucovina.ro\/de\/wp-json\/wp\/v2\/pages\/6158\/revisions"}],"predecessor-version":[{"id":9381,"href":"https:\/\/constantinbucovina.ro\/de\/wp-json\/wp\/v2\/pages\/6158\/revisions\/9381"}],"wp:attachment":[{"href":"https:\/\/constantinbucovina.ro\/de\/wp-json\/wp\/v2\/media?parent=6158"}],"curies":[{"name":"wp","href":"https:\/\/api.w.org\/{rel}","templated":true}]}}