{"id":6165,"date":"2023-01-11T09:15:14","date_gmt":"2023-01-11T07:15:14","guid":{"rendered":"https:\/\/constantinbucovina.ro\/datenschutzrichtlinie\/"},"modified":"2023-10-09T16:44:00","modified_gmt":"2023-10-09T13:44:00","slug":"datenschutzrichtlinie","status":"publish","type":"page","link":"https:\/\/constantinbucovina.ro\/de\/datenschutzrichtlinie\/","title":{"rendered":"Datenschutzrichtlinie"},"content":{"rendered":"\t\t<div data-elementor-type=\"wp-page\" data-elementor-id=\"6165\" class=\"elementor elementor-6165 elementor-78\" data-elementor-post-type=\"page\">\n\t\t\t\t\t\t<section class=\"elementor-section elementor-top-section elementor-element elementor-element-069c432 elementor-section-full_width elementor-section-height-default elementor-section-height-default\" data-id=\"069c432\" data-element_type=\"section\">\n\t\t\t\t\t\t<div class=\"elementor-container elementor-column-gap-no\">\n\t\t\t\t\t<div class=\"elementor-column elementor-col-100 elementor-top-column elementor-element elementor-element-dcaa74a\" data-id=\"dcaa74a\" data-element_type=\"column\">\n\t\t\t<div class=\"elementor-widget-wrap elementor-element-populated\">\n\t\t\t\t\t\t<div class=\"elementor-element elementor-element-c270de3 elementor-widget elementor-widget-heading\" data-id=\"c270de3\" data-element_type=\"widget\" data-widget_type=\"heading.default\">\n\t\t\t\t<div class=\"elementor-widget-container\">\n\t\t\t\t\t<h2 class=\"elementor-heading-title elementor-size-default\">DATENSCHUTZRICHTLINIE<\/h2>\t\t\t\t<\/div>\n\t\t\t\t<\/div>\n\t\t\t\t<div class=\"elementor-element elementor-element-6c5ca8e elementor-widget elementor-widget-image\" data-id=\"6c5ca8e\" data-element_type=\"widget\" data-widget_type=\"image.default\">\n\t\t\t\t<div class=\"elementor-widget-container\">\n\t\t\t\t\t\t\t\t\t\t\t\t\t\t\t<img fetchpriority=\"high\" decoding=\"async\" width=\"554\" height=\"91\" src=\"https:\/\/constantinbucovina.ro\/wp-content\/uploads\/2023\/01\/Group-702.png\" class=\"attachment-full size-full wp-image-154\" alt=\"\" srcset=\"https:\/\/constantinbucovina.ro\/wp-content\/uploads\/2023\/01\/Group-702.png.webp 554w, https:\/\/constantinbucovina.ro\/wp-content\/uploads\/2023\/01\/Group-702-300x49.png.webp 300w\" sizes=\"(max-width: 554px) 100vw, 554px\" \/>\t\t\t\t\t\t\t\t\t\t\t\t\t\t\t<\/div>\n\t\t\t\t<\/div>\n\t\t\t\t<div class=\"elementor-element elementor-element-feeb2f2 elementor-widget__width-initial elementor-absolute e-transform elementor-hidden-mobile elementor-widget elementor-widget-image\" data-id=\"feeb2f2\" data-element_type=\"widget\" data-settings=\"{&quot;_position&quot;:&quot;absolute&quot;,&quot;_transform_rotateZ_effect&quot;:{&quot;unit&quot;:&quot;px&quot;,&quot;size&quot;:180,&quot;sizes&quot;:[]},&quot;_transform_rotateZ_effect_tablet&quot;:{&quot;unit&quot;:&quot;deg&quot;,&quot;size&quot;:&quot;&quot;,&quot;sizes&quot;:[]},&quot;_transform_rotateZ_effect_mobile&quot;:{&quot;unit&quot;:&quot;deg&quot;,&quot;size&quot;:&quot;&quot;,&quot;sizes&quot;:[]}}\" data-widget_type=\"image.default\">\n\t\t\t\t<div class=\"elementor-widget-container\">\n\t\t\t\t\t\t\t\t\t\t\t\t\t\t\t<img decoding=\"async\" width=\"368\" height=\"736\" src=\"https:\/\/constantinbucovina.ro\/wp-content\/uploads\/2023\/01\/Vector-1-e1696406699583.png\" class=\"attachment-large size-large wp-image-294\" alt=\"\" srcset=\"https:\/\/constantinbucovina.ro\/wp-content\/uploads\/2023\/01\/Vector-1-e1696406699583.png 368w, https:\/\/constantinbucovina.ro\/wp-content\/uploads\/2023\/01\/Vector-1-e1696406699583-150x300.png.webp 150w\" sizes=\"(max-width: 368px) 100vw, 368px\" \/>\t\t\t\t\t\t\t\t\t\t\t\t\t\t\t<\/div>\n\t\t\t\t<\/div>\n\t\t\t\t\t<\/div>\n\t\t<\/div>\n\t\t\t\t\t<\/div>\n\t\t<\/section>\n\t\t\t\t<section class=\"elementor-section elementor-top-section elementor-element elementor-element-6c4aeae elementor-section-boxed elementor-section-height-default elementor-section-height-default\" data-id=\"6c4aeae\" data-element_type=\"section\">\n\t\t\t\t\t\t<div class=\"elementor-container elementor-column-gap-default\">\n\t\t\t\t\t<div class=\"elementor-column elementor-col-100 elementor-top-column elementor-element elementor-element-c180e5f\" data-id=\"c180e5f\" data-element_type=\"column\">\n\t\t\t<div class=\"elementor-widget-wrap elementor-element-populated\">\n\t\t\t\t\t\t<div class=\"elementor-element elementor-element-10a51b7 elementor-widget elementor-widget-text-editor\" data-id=\"10a51b7\" data-element_type=\"widget\" data-widget_type=\"text-editor.default\">\n\t\t\t\t<div class=\"elementor-widget-container\">\n\t\t\t\t\t\t\t\t\t<div class=\"flex-1 overflow-hidden\">\n<div class=\"react-scroll-to-bottom--css-endsb-79elbk h-full dark:bg-gray-800\">\n<div class=\"react-scroll-to-bottom--css-endsb-1n7m0yu\">\n<div class=\"flex flex-col text-sm dark:bg-gray-800\">\n<div class=\"group w-full text-token-text-primary border-b border-black\/10 dark:border-gray-900\/50 bg-gray-50 dark:bg-[#444654]\" data-testid=\"conversation-turn-7\">\n<div class=\"p-4 justify-center text-base md:gap-6 md:py-6 lg:px-0 m-auto\">\n<div class=\"flex flex-1 gap-4 text-base mx-auto md:gap-6 md:max-w-2xl lg:max-w-[38rem] xl:max-w-3xl }\">\n<div class=\"relative flex w-[calc(100%-50px)] flex-col gap-1 md:gap-3 lg:w-[calc(100%-115px)]\">\n<div class=\"flex flex-grow flex-col gap-3 max-w-full\">\n<div class=\"min-h-[20px] flex flex-col items-start gap-3 overflow-x-auto whitespace-pre-wrap break-words\">\n<div class=\"markdown prose w-full break-words dark:prose-invert light\">\n<p><strong>Letzte Aktualisierung: 30. 08. 2023<\/strong><\/p>\n<p>Diese Seite beschreibt, wie wir die Vertraulichkeit Ihrer Informationen w\u00e4hrend der Nutzung dieser Website sch\u00fctzen.<\/p>\n<p><strong>Erhebung personenbezogener Daten<\/strong><\/p>\n<p>Wir sammeln nicht aktiv oder absichtlich personenbezogene Daten wie Namen, Vornamen, E-Mail-Adressen oder andere pers\u00f6nliche Informationen auf dieser Website.<\/p>\n<p><strong>Verwendung personenbezogener Daten<\/strong><\/p>\n<p>Obwohl wir keine personenbezogenen Daten sammeln, ist es m\u00f6glich, dass Sie unsere Website nutzen, um auf Links zu Drittanbieterdiensten zuzugreifen, wie unsere Online-Buchungsplattform. Bitte beachten Sie, dass diese Drittanbieter eigene Datenschutzrichtlinien und Nutzungsbedingungen haben. Alle Informationen, die auf diesen Plattformen bereitgestellt werden, unterliegen der Datenschutzrichtlinie des jeweiligen Dienstes. Bevor Sie personenbezogene Informationen bereitstellen oder diese Dienste nutzen, empfehlen wir Ihnen, deren Datenschutzrichtlinie zu konsultieren, um zu verstehen, wie Ihre Daten gesch\u00fctzt werden.<\/p>\n<p><strong>Schutz der Daten<\/strong><\/p>\n<p>Auch wenn wir keine personenbezogenen Daten direkt auf dieser Website sammeln, verpflichten wir uns, angemessene Ma\u00dfnahmen zum Schutz Ihrer Informationen zu ergreifen und die geltenden Datenschutzgesetze einzuhalten.<\/p>\n<p><strong>Links zu Drittwebsites<\/strong><\/p>\n<p>F\u00fcr den Buchungsvorgang von Zimmern oder Veranstaltungsr\u00e4umen im Constantin Touristenkomplex nutzen wir einen externen Online-Buchungsdienst. Bitte beachten Sie, dass dieser Dienst eigene Datenschutzrichtlinien und Nutzungsbedingungen hat. Sie k\u00f6nnen auf unsere Buchungsplattform zugreifen, indem Sie auf den folgenden Link klicken: <a href=\"https:\/\/complex-turistic-constantin-bucovina.pynbooking.direct\/\" target=\"_new\" rel=\"noopener\">Buchungen im Constantin Touristenkomplex<\/a>.<\/p>\n<p>Es ist wichtig zu beachten, dass diese Buchungsplattform von einem Dritten verwaltet wird, und alle auf dieser Plattform bereitgestellten Informationen unterliegen der Datenschutzrichtlinie des jeweiligen Dienstes. Der Constantin Touristenkomplex \u00fcbernimmt keine Verantwortung f\u00fcr die Datenschutzpraktiken dieses externen Dienstes. Bevor Sie personenbezogene Informationen bereitstellen oder die Buchungsplattform nutzen, empfehlen wir Ihnen, deren Datenschutzrichtlinie zu konsultieren, um zu verstehen, wie Ihre Daten gesch\u00fctzt werden.<\/p>\n<p><strong>Ihre Rechte<\/strong><\/p>\n<p>Obwohl wir keine personenbezogenen Daten sammeln, ist es wichtig zu wissen, dass Sie gem\u00e4\u00df den geltenden Datenschutzgesetzen das Recht haben, sich \u00fcber die Verarbeitung personenbezogener Daten zu informieren. Bei Fragen zur Datenschutzrichtlinie oder Ihren Rechten kontaktieren Sie uns bitte unter den untenstehenden Kontaktdaten.<\/p>\n<p><strong>Kontakt<\/strong><\/p>\n<p>Wenn Sie Fragen oder Bedenken bez\u00fcglich des Datenschutzes oder dieser Richtlinie haben, kontaktieren Sie uns bitte per E-Mail unter <a href=\"mailto:contact@constantinbucovina.ro\" target=\"_new\">contact@constantinbucovina.ro<\/a> oder telefonisch unter 0752 066 026.<\/p>\n<p>Diese Datenschutzrichtlinie kann gelegentlich aktualisiert werden. Wir empfehlen Ihnen, diese Seite regelm\u00e4\u00dfig zu \u00fcberpr\u00fcfen, um \u00fcber etwaige \u00c4nderungen auf dem Laufenden zu bleiben.<\/p>\n<\/div>\n<\/div>\n<\/div>\n<\/div>\n<\/div>\n<\/div>\n<\/div>\n<\/div>\n<\/div>\n<\/div>\n<\/div>\n<\/div>\n<\/div>\n<\/div>\n<\/div>\n<\/div>\n<\/div>\n\t\t\t\t\t\t\t\t<\/div>\n\t\t\t\t<\/div>\n\t\t\t\t\t<\/div>\n\t\t<\/div>\n\t\t\t\t\t<\/div>\n\t\t<\/section>\n\t\t\t\t<\/div>\n\t\t","protected":false},"excerpt":{"rendered":"<p>DATENSCHUTZRICHTLINIE Letzte Aktualisierung: 30. 08. 2023 Diese Seite beschreibt, wie wir die Vertraulichkeit Ihrer Informationen w\u00e4hrend der Nutzung dieser Website sch\u00fctzen. Erhebung personenbezogener Daten Wir sammeln nicht aktiv oder absichtlich personenbezogene Daten wie Namen, Vornamen, E-Mail-Adressen oder andere pers\u00f6nliche Informationen auf dieser Website. Verwendung personenbezogener Daten Obwohl wir keine personenbezogenen Daten sammeln, ist es m\u00f6glich, [&hellip;]<\/p>\n","protected":false},"author":1,"featured_media":0,"parent":0,"menu_order":0,"comment_status":"closed","ping_status":"closed","template":"elementor_header_footer","meta":{"footnotes":""},"class_list":["post-6165","page","type-page","status-publish","hentry"],"_links":{"self":[{"href":"https:\/\/constantinbucovina.ro\/de\/wp-json\/wp\/v2\/pages\/6165","targetHints":{"allow":["GET"]}}],"collection":[{"href":"https:\/\/constantinbucovina.ro\/de\/wp-json\/wp\/v2\/pages"}],"about":[{"href":"https:\/\/constantinbucovina.ro\/de\/wp-json\/wp\/v2\/types\/page"}],"author":[{"embeddable":true,"href":"https:\/\/constantinbucovina.ro\/de\/wp-json\/wp\/v2\/users\/1"}],"replies":[{"embeddable":true,"href":"https:\/\/constantinbucovina.ro\/de\/wp-json\/wp\/v2\/comments?post=6165"}],"version-history":[{"count":2,"href":"https:\/\/constantinbucovina.ro\/de\/wp-json\/wp\/v2\/pages\/6165\/revisions"}],"predecessor-version":[{"id":8201,"href":"https:\/\/constantinbucovina.ro\/de\/wp-json\/wp\/v2\/pages\/6165\/revisions\/8201"}],"wp:attachment":[{"href":"https:\/\/constantinbucovina.ro\/de\/wp-json\/wp\/v2\/media?parent=6165"}],"curies":[{"name":"wp","href":"https:\/\/api.w.org\/{rel}","templated":true}]}}