{"id":6167,"date":"2023-01-11T09:15:25","date_gmt":"2023-01-11T07:15:25","guid":{"rendered":"https:\/\/constantinbucovina.ro\/cookie-richtlinie\/"},"modified":"2023-10-09T16:45:50","modified_gmt":"2023-10-09T13:45:50","slug":"cookie-richtlinie","status":"publish","type":"page","link":"https:\/\/constantinbucovina.ro\/de\/cookie-richtlinie\/","title":{"rendered":"Cookie-Richtlinie"},"content":{"rendered":"\t\t<div data-elementor-type=\"wp-page\" data-elementor-id=\"6167\" class=\"elementor elementor-6167 elementor-80\" data-elementor-post-type=\"page\">\n\t\t\t\t\t\t<section class=\"elementor-section elementor-top-section elementor-element elementor-element-616b275 elementor-section-full_width elementor-section-height-default elementor-section-height-default\" data-id=\"616b275\" data-element_type=\"section\">\n\t\t\t\t\t\t<div class=\"elementor-container elementor-column-gap-no\">\n\t\t\t\t\t<div class=\"elementor-column elementor-col-100 elementor-top-column elementor-element elementor-element-12f8350\" data-id=\"12f8350\" data-element_type=\"column\">\n\t\t\t<div class=\"elementor-widget-wrap elementor-element-populated\">\n\t\t\t\t\t\t<div class=\"elementor-element elementor-element-fe1c151 elementor-widget elementor-widget-heading\" data-id=\"fe1c151\" data-element_type=\"widget\" data-widget_type=\"heading.default\">\n\t\t\t\t<div class=\"elementor-widget-container\">\n\t\t\t\t\t<h2 class=\"elementor-heading-title elementor-size-default\">COOKIE-RICHTLINIE<\/h2>\t\t\t\t<\/div>\n\t\t\t\t<\/div>\n\t\t\t\t<div class=\"elementor-element elementor-element-ace0de8 elementor-widget elementor-widget-image\" data-id=\"ace0de8\" data-element_type=\"widget\" data-widget_type=\"image.default\">\n\t\t\t\t<div class=\"elementor-widget-container\">\n\t\t\t\t\t\t\t\t\t\t\t\t\t\t\t<img fetchpriority=\"high\" decoding=\"async\" width=\"554\" height=\"91\" src=\"https:\/\/constantinbucovina.ro\/wp-content\/uploads\/2023\/01\/Group-702.png\" class=\"attachment-full size-full wp-image-154\" alt=\"\" srcset=\"https:\/\/constantinbucovina.ro\/wp-content\/uploads\/2023\/01\/Group-702.png.webp 554w, https:\/\/constantinbucovina.ro\/wp-content\/uploads\/2023\/01\/Group-702-300x49.png.webp 300w\" sizes=\"(max-width: 554px) 100vw, 554px\" \/>\t\t\t\t\t\t\t\t\t\t\t\t\t\t\t<\/div>\n\t\t\t\t<\/div>\n\t\t\t\t<div class=\"elementor-element elementor-element-c81b6eb elementor-widget__width-initial elementor-absolute e-transform elementor-hidden-mobile elementor-widget elementor-widget-image\" data-id=\"c81b6eb\" data-element_type=\"widget\" data-settings=\"{&quot;_position&quot;:&quot;absolute&quot;,&quot;_transform_rotateZ_effect&quot;:{&quot;unit&quot;:&quot;px&quot;,&quot;size&quot;:180,&quot;sizes&quot;:[]},&quot;_transform_rotateZ_effect_tablet&quot;:{&quot;unit&quot;:&quot;deg&quot;,&quot;size&quot;:&quot;&quot;,&quot;sizes&quot;:[]},&quot;_transform_rotateZ_effect_mobile&quot;:{&quot;unit&quot;:&quot;deg&quot;,&quot;size&quot;:&quot;&quot;,&quot;sizes&quot;:[]}}\" data-widget_type=\"image.default\">\n\t\t\t\t<div class=\"elementor-widget-container\">\n\t\t\t\t\t\t\t\t\t\t\t\t\t\t\t<img decoding=\"async\" width=\"368\" height=\"736\" src=\"https:\/\/constantinbucovina.ro\/wp-content\/uploads\/2023\/01\/Vector-1-e1696406699583.png\" class=\"attachment-large size-large wp-image-294\" alt=\"\" srcset=\"https:\/\/constantinbucovina.ro\/wp-content\/uploads\/2023\/01\/Vector-1-e1696406699583.png 368w, https:\/\/constantinbucovina.ro\/wp-content\/uploads\/2023\/01\/Vector-1-e1696406699583-150x300.png.webp 150w\" sizes=\"(max-width: 368px) 100vw, 368px\" \/>\t\t\t\t\t\t\t\t\t\t\t\t\t\t\t<\/div>\n\t\t\t\t<\/div>\n\t\t\t\t\t<\/div>\n\t\t<\/div>\n\t\t\t\t\t<\/div>\n\t\t<\/section>\n\t\t\t\t<section class=\"elementor-section elementor-top-section elementor-element elementor-element-ae86125 elementor-section-boxed elementor-section-height-default elementor-section-height-default\" data-id=\"ae86125\" data-element_type=\"section\">\n\t\t\t\t\t\t<div class=\"elementor-container elementor-column-gap-default\">\n\t\t\t\t\t<div class=\"elementor-column elementor-col-100 elementor-top-column elementor-element elementor-element-687a00d\" data-id=\"687a00d\" data-element_type=\"column\">\n\t\t\t<div class=\"elementor-widget-wrap elementor-element-populated\">\n\t\t\t\t\t\t<div class=\"elementor-element elementor-element-fd2cb27 elementor-widget elementor-widget-text-editor\" data-id=\"fd2cb27\" data-element_type=\"widget\" data-widget_type=\"text-editor.default\">\n\t\t\t\t<div class=\"elementor-widget-container\">\n\t\t\t\t\t\t\t\t\t<h5 class=\"dlab-title m-t0\">Was ist ein Cookie?<\/h5>\n<p>Ein Cookie ist eine kleine Datendatei, die von der Website Besuchern zugeordnet wird, um deren reibungslose Funktionsweise, Effizienz und Sicherheit zu erm\u00f6glichen. Cookies werden \u00fcber Anfragen \u00fcbertragen, die vom Server an einen Webbrowser gesendet werden (z. B. Internet Explorer, Mozilla Firefox, Google Chrome). Diese Dateien enthalten keine Softwareprogramme, Viren oder Spyware und k\u00f6nnen nicht auf die auf der Festplatte des Ger\u00e4ts gespeicherten Informationen zugreifen. Cookies sammeln in der Regel keine personenbezogenen Informationen und identifizieren in den meisten F\u00e4llen nicht pers\u00f6nlich die Internetnutzer. Die Lebensdauer von Cookies kann erheblich variieren, abh\u00e4ngig von ihrem Verwendungszweck. Cookies k\u00f6nnen vom Benutzer jederzeit \u00fcber die Browsereinstellungen gel\u00f6scht werden.<\/p>\n<p>Cookies selbst sammeln keine personenbezogenen Informationen und identifizieren in den meisten F\u00e4llen nicht die einzelnen Internetnutzer.<\/p>\n<p><strong>Es gibt zwei Hauptkategorien von Cookies:<\/strong><\/p>\n<p>\u2013 Sitzungscookies \u2013 Diese werden vor\u00fcbergehend im Cookie-Ordner des Webbrowsers gespeichert, damit er sich daran erinnert, bis der Benutzer die entsprechende Website verl\u00e4sst oder das Browserfenster schlie\u00dft (z. B. beim Ein- oder Ausloggen in ein Webmail-Konto oder in sozialen Netzwerken).<\/p>\n<p>\u2013 Dauerhafte Cookies \u2013 Diese werden auf der Festplatte eines Computers oder Ger\u00e4ts gespeichert (und h\u00e4ngen im Allgemeinen von der vordefinierten Lebensdauer des Cookies ab). Dazu geh\u00f6ren auch Cookies, die von einer anderen Website als derjenigen, die der Benutzer zu diesem Zeitpunkt besucht, platziert werden &#8211; bekannt als &#8222;Cookies von Dritten&#8220; -, die anonym dazu verwendet werden k\u00f6nnen, die Interessen eines Benutzers zu speichern, um relevantere Werbung zu liefern.<\/p>\n<p><strong>Was sind die Vorteile von Cookies?<\/strong><\/p>\n<p>Ein Cookie enth\u00e4lt Informationen, die eine Verbindung zwischen einem Webbrowser (Benutzer) und einem bestimmten Webserver (Website) herstellen. Wenn ein Browser erneut auf diesen Webserver zugreift, kann er bereits gespeicherte Informationen lesen und entsprechend reagieren. Cookies bieten Benutzern ein angenehmes Browsing-Erlebnis und unterst\u00fctzen die Bem\u00fchungen vieler Websites, Benutzern bequeme Dienste anzubieten: Beispiele sind Datenschutzeinstellungen online, Sprachoptionen f\u00fcr die Website, Einkaufswagen oder relevante Werbung.<\/p>\n<p><strong>Wie lange dauert ein Cookie?<\/strong><\/p>\n<p>Cookies werden von Webservern verwaltet. Die Lebensdauer eines Cookies kann erheblich variieren, abh\u00e4ngig von seinem Verwendungszweck. Einige Cookies werden ausschlie\u00dflich f\u00fcr eine einzelne Sitzung verwendet (Sitzungscookies) und werden nicht mehr gespeichert, sobald der Benutzer die Website verl\u00e4sst, w\u00e4hrend einige Cookies bei jedem erneuten Besuch des Benutzers auf der Website gespeichert und verwendet werden (permanente Cookies). Cookies k\u00f6nnen jedoch jederzeit vom Benutzer \u00fcber die Browsereinstellungen gel\u00f6scht werden.<\/p>\n<p><strong>Was sind Cookies von Dritten?<\/strong><\/p>\n<p>Bestimmte Inhaltsbereiche auf einigen Websites k\u00f6nnen von Drittanbietern oder Anbietern bereitgestellt werden (z. B. Nachrichtenbereich, Video oder Werbung). Diese Drittanbieter k\u00f6nnen auch Cookies \u00fcber die Website platzieren und werden als &#8222;Cookies von Dritten&#8220; bezeichnet, da sie nicht vom Eigent\u00fcmer der jeweiligen Website platziert werden. Dritte Anbieter m\u00fcssen auch die geltenden Gesetze und die Datenschutzrichtlinien des Website-Besitzers einhalten.<\/p>\n<p><strong>Wie werden auf dieser Website Cookies verwendet?<\/strong><\/p>\n<p>Ein Besuch auf dieser Website kann Cookies f\u00fcr folgende Zwecke platzieren:<\/p>\n<ul>\n<li><strong>Website-Performance-Cookies;<\/strong><\/li>\n<\/ul>\n<p>Diese Art von Cookies speichert die Vorlieben des Benutzers auf dieser Website, sodass sie nicht bei jedem Besuch erneut festgelegt werden m\u00fcssen. Beispiele: Lautst\u00e4rkeeinstellungen f\u00fcr den Videoplayer, die Video-Streaming-Geschwindigkeit, die der Browser unterst\u00fctzt.<\/p>\n<ul>\n<li><strong>Analysieren von Besucher-Cookies;<\/strong><\/li>\n<\/ul>\n<p>Jedes Mal, wenn ein Benutzer diese Website besucht, erstellt die Analysesoftware eines Drittanbieters ein Cookie zur Analyse des Benutzers. Dieses Cookie teilt uns mit, ob Sie diese Website zuvor besucht haben. Ihr Browser teilt uns mit, ob Sie dieses Cookie haben, und wenn nicht, erstellen wir eines. Dies erm\u00f6glicht die Verfolgung eindeutiger Benutzer, die uns besuchen, und wie oft dies geschieht.<\/p>\n<p>Solange Sie auf dieser Website nicht registriert sind, kann dieses Cookie nicht verwendet werden, um Einzelpersonen zu identifizieren. Sie werden nur zu statistischen Zwecken verwendet. Wenn Sie registriert sind, k\u00f6nnen wir auch die von Ihnen bereitgestellten Details sehen, z. B. Ihre E-Mail-Adresse und Ihren Benutzernamen &#8211; diese unterliegen ebenfalls den Datenschutz- und Datenschutzbestimmungen in unseren <a href=\"https:\/\/constantinbucovina.ro\/de\/datenschutzrichtlinie\/\">Nutzungsbedingungen und Datenschutzbestimmungen<\/a> sowie den geltenden Datenschutzgesetzen.<\/p>\n<ul>\n<li><strong>Geotargeting-Cookies;<\/strong><\/li>\n<\/ul>\n<p>Diese Cookies werden von einer Software verwendet, die das Land identifiziert, aus dem Sie stammen. Es ist vollst\u00e4ndig anonym und wird nur verwendet, um den Inhalt zu zielen &#8211; selbst wenn Sie unsere Website in rum\u00e4nischer Sprache oder einer anderen Sprache anzeigen, erhalten Sie dieselbe Werbung.<\/p>\n<ul>\n<li><strong>Anmelde-Cookies;<\/strong><\/li>\n<\/ul>\n<p>Wenn Sie sich auf dieser Website anmelden, erstellen wir ein Cookie, das uns dar\u00fcber informiert, ob Sie angemeldet sind oder nicht. Unsere Server verwenden diese Cookies, um Ihr Konto anzuzeigen, und ob Sie die Berechtigung f\u00fcr einen bestimmten Dienst haben. Es erm\u00f6glicht uns auch, Kommentare, die Sie auf unserer Website hinterlassen, Ihrem Benutzernamen zuzuordnen. Wenn Sie &#8222;Angemeldet bleiben&#8220; nicht ausgew\u00e4hlt haben, wird dieses Cookie automatisch gel\u00f6scht, wenn Sie Ihren Browser oder Computer schlie\u00dfen.<\/p>\n<ul>\n<li><strong>Werbungs-Cookies;<\/strong><\/li>\n<\/ul>\n<p>Diese Cookies erm\u00f6glichen es uns, festzustellen, ob Sie eine Online-Anzeige gesehen oder nicht gesehen haben, welchen Typ sie hat und wie viel Zeit seit Ihrer letzten Sichtung vergangen ist. Diese Cookies verwenden wir auch f\u00fcr gezielte Online-Werbung. Wir k\u00f6nnen auch Cookies von Drittanbietern verwenden, um gezieltere Werbung zu schalten, z. B. Anzeigen f\u00fcr Urlaubsreisen, wenn der Benutzer k\u00fcrzlich einen Artikel auf der Website \u00fcber Urlaubsreisen angesehen hat. Diese Cookies sind anonym und speichern Informationen \u00fcber den angezeigten Inhalt, nicht \u00fcber Benutzer. Wir setzen auch anonyme Cookies \u00fcber andere Websites, auf denen wir Werbung schalten. Auf diese Weise k\u00f6nnen wir Sie als Benutzer dieser Website erkennen, wenn Sie unsere Website sp\u00e4ter besuchen, und Ihnen basierend auf diesen Informationen gezieltere Werbung anzeigen.<\/p>\n<ul>\n<li><strong>Weitere Cookies von Drittanbietern<\/strong><\/li>\n<\/ul>\n<p>Auf einigen Seiten k\u00f6nnen anonyme Cookies von Drittanbietern platziert werden, um den Erfolg einer Anwendung zu verfolgen oder eine Anwendung anzupassen. Aufgrund ihrer Verwendung kann diese Website diese Cookies nicht abrufen, ebenso wenig wie Drittanbieter auf diese Website gehaltene Cookies abrufen k\u00f6nnen. Wenn Sie beispielsweise einen Artikel von dieser Website \u00fcber soziale Medien teilen, zeichnet dieses soziale Netzwerk Ihre Aktivit\u00e4ten auf.<\/p>\n<p><strong>Welche Art von Informationen werden durch Cookies gespeichert und zugegriffen?<\/strong><\/p>\n<p>Cookies speichern Informationen in einer kleinen Textdatei, die es einer Website erm\u00f6glicht, einen Browser zu erkennen. Der Webserver erkennt den Browser, solange das Cookie abl\u00e4uft oder gel\u00f6scht wird. Das Cookie speichert wichtige Informationen, die die Online-Browsing-Erfahrung verbessern (z. B. Spracheinstellungen f\u00fcr die Website, das Speichern eines eingeloggten Benutzers im Webmail-Konto, Online-Banking-Sicherheit, das Speichern von Produkten im Einkaufswagen).<\/p>\n<p><strong>Warum sind Cookies wichtig f\u00fcr das Internet?<\/strong><\/p>\n<p>Cookies sind das Herzst\u00fcck der effizienten Funktionsweise des Internets und tragen dazu bei, eine benutzerfreundliche und an die Vorlieben und Interessen jedes Benutzers angepasste Browsererfahrung zu schaffen. Das Ablehnen oder Deaktivieren von Cookies kann einige Websites unbrauchbar oder schwer zug\u00e4nglich machen. Die Ablehnung oder Deaktivierung von Cookies bedeutet jedoch nicht, dass Sie keine Online-Werbung mehr erhalten &#8211; nur dass sie Ihre Vorlieben und Interessen nicht mehr ber\u00fccksichtigen kann, wie sie sich aus Ihrem Browserverhalten ergeben.<\/p>\n<p>Beispiele f\u00fcr wichtige Verwendungszwecke von Cookies (die keine Authentifizierung des Benutzers \u00fcber ein Konto erfordern):<\/p>\n<ul>\n<li>Anpassung von Website-Inhalten und -Diensten an die Vorlieben des Benutzers &#8211; Nachrichtenkategorien, Wetter, Sport, Karten, \u00f6ffentliche Dienste und Regierung, Unterhaltungsseiten und Reisedienste.<\/li>\n<li>Angebote, die auf die Interessen der Benutzer zugeschnitten sind &#8211; Speichern von Passw\u00f6rtern, Sprachoptionen (z. B. Anzeige von Suchergebnissen in rum\u00e4nischer Sprache).<\/li>\n<li>Einschr\u00e4nkung der H\u00e4ufigkeit von Anzeigen &#8211; Begrenzung der Anzahl der Anzeigenaufrufe f\u00fcr einen bestimmten Benutzer auf einer Website.<\/li>\n<li>Bereitstellung relevanterer Werbung f\u00fcr Benutzer.<\/li>\n<li>Messung, Optimierung und Analysefunktionen &#8211; wie die Best\u00e4tigung eines bestimmten Website-Traffic-Levels, welcher Art von Inhalten angesehen wird und wie oft ein Benutzer auf eine Website gelangt (z. B. \u00fcber Suchmaschinen, direkt, von anderen Websites usw.). Websites f\u00fchren diese Analysen zur Verbesserung ihrer Websites im Interesse der Benutzer durch.<\/li>\n<\/ul>\n<p><strong>Sicherheit und Datenschutzprobleme<\/strong><\/p>\n<p>Cookies sind KEINE Viren! Sie verwenden klartextbasierte Formate. Sie bestehen nicht aus St\u00fccken von Code, daher k\u00f6nnen sie weder ausgef\u00fchrt noch selbstgestartet werden. Da sie diese Funktionen nicht erf\u00fcllen k\u00f6nnen, k\u00f6nnen sie nicht als Viren betrachtet werden. Cookies k\u00f6nnen jedoch f\u00fcr negative Zwecke verwendet werden. Da sie Informationen \u00fcber die Vorlieben und das Browsing-Verhalten der Benutzer sowohl auf einer bestimmten Website als auch auf mehreren anderen Websites speichern, k\u00f6nnen Cookies als eine Art von Spyware verwendet werden. Viele Antispyware-Produkte sind sich dieses Problems bewusst und markieren Cookies regelm\u00e4\u00dfig, um sie w\u00e4hrend der Antiviren- oder Antispyware-Scans zu l\u00f6schen. Moderne Browser verf\u00fcgen in der Regel \u00fcber Datenschutzeinstellungen, die unterschiedliche Ebenen der Cookie-Akzeptanz, die Ablaufzeit und die automatische L\u00f6schung nach dem Besuch einer bestimmten Website erm\u00f6glichen.<\/p>\n<p><strong>Weitere Sicherheitsaspekte in Bezug auf Cookies<\/strong><\/p>\n<p>Da die Identit\u00e4tssicherheit \u00e4u\u00dferst wertvoll ist und das Recht jedes Internetnutzers darstellt, ist es ratsam, sich \u00fcber m\u00f6gliche Probleme im Zusammenhang mit Cookies im Klaren zu sein. Da Informationen st\u00e4ndig in beide Richtungen zwischen dem Browser und der Website \u00fcbertragen werden, k\u00f6nnen Informationen in Cookies abgefangen werden, wenn ein Angreifer oder eine nicht autorisierte Person in den Daten\u00fcbertragungspfad eingreift. Obwohl dies sehr selten ist, kann dies auftreten, wenn der Browser Informationen \u00fcber ein ungesichertes Netzwerk (z. B. ein ungesichertes WLAN) an den Server sendet.<\/p>\n<p>Andere auf Cookies basierende Angriffe beinhalten fehlerhafte Cookie-Einstellungen auf Servern. Wenn eine Website den Browser nicht auffordert, nur verschl\u00fcsselte Kan\u00e4le zu verwenden, k\u00f6nnen Angreifer diese Schwachstelle ausnutzen, um Browser dazu zu bringen, Informationen \u00fcber unsichere Kan\u00e4le zu senden. Angreifer nutzen dann diese Informationen, um auf nicht autorisierte Websites zuzugreifen. Es ist sehr wichtig, die richtige Methode zum Schutz pers\u00f6nlicher Informationen auszuw\u00e4hlen.<\/p>\n<p><strong>Tipps f\u00fcr sicheres und verantwortungsvolles Browsen basierend auf Cookies<\/strong><\/p>\n<p>Aufgrund ihrer Flexibilit\u00e4t und der Tatsache, dass die meisten der meistbesuchten und gr\u00f6\u00dften Websites Cookies verwenden, sind Cookies fast unvermeidlich. Das Deaktivieren von Cookies kann einige der meistbesuchten und gr\u00f6\u00dften Websites unbrauchbar oder schwer zug\u00e4nglich machen, darunter YouTube, Gmail, Yahoo und andere.<\/p>\n<p>Hier sind einige Tipps, wie Sie sicher und verantwortungsvoll auf Websites mit Cookies surfen k\u00f6nnen:<\/p>\n<ul>\n<li>Passen Sie Ihre Browsereinstellungen f\u00fcr Cookies an, um ein f\u00fcr Sie angemessenes Sicherheitsniveau f\u00fcr die Verwendung von Cookies widerzuspiegeln.<\/li>\n<li>Wenn Cookies Sie nicht st\u00f6ren und Sie der einzige Benutzer des Computers sind, k\u00f6nnen Sie lange Ablaufzeiten f\u00fcr das Speichern des Browsing-Verlaufs und pers\u00f6nlicher Anmeldedaten festlegen.<\/li>\n<li>Wenn Sie den Zugang zum Computer teilen, k\u00f6nnen Sie in Betracht ziehen, Ihren Browser so einzustellen, dass die individuellen Browsing-Daten jedes Mal gel\u00f6scht werden, wenn Sie den Browser schlie\u00dfen. Dies ist eine Option, um Websites, die Cookies platzieren und alle Besuchsdaten beim Schlie\u00dfen der Browsing-Sitzung l\u00f6schen, zu besuchen.<\/li>\n<li>Installieren und aktualisieren Sie Ihre Anti-Spyware-Anwendungen regelm\u00e4\u00dfig.<\/li>\n<\/ul>\n<p>Viele der Spyware-Erkennungs- und -Pr\u00e4ventionsanwendungen enthalten Mechanismen zur Erkennung von Angriffen auf Websites. Auf diese Weise verhindern sie, dass Browser auf Websites zugreifen, die Browser-Schwachstellen ausnutzen oder gef\u00e4hrliche Software herunterladen. Stellen Sie sicher, dass Ihr Browser immer auf dem neuesten Stand ist. Viele auf Cookies basierende Angriffe erfolgen durch Ausnutzen von Schwachstellen in \u00e4lteren Browser-Versionen.<\/p>\n<p>Cookies sind \u00fcberall und k\u00f6nnen nicht vermieden werden, wenn Sie auf die besten und gr\u00f6\u00dften Websites im Internet zugreifen m\u00f6chten &#8211; sei es lokal oder international. Mit einem klaren Verst\u00e4ndnis ihrer Funktionsweise und der Vorteile, die sie bieten, k\u00f6nnen Sie die notwendigen Sicherheitsma\u00dfnahmen ergreifen, um sicher im Internet zu surfen.<\/p>\n<p><strong>Wie kann ich Cookies deaktivieren?<\/strong><\/p>\n<p>Das Deaktivieren oder Ablehnen von Cookies kann bestimmte Websites unbrauchbar oder schwer zug\u00e4nglich machen. Das Ablehnen von Cookies bedeutet jedoch nicht, dass Sie keine Online-Werbung mehr erhalten &#8211; es bedeutet nur, dass diese keine R\u00fccksicht mehr auf Ihre Vorlieben und Interessen nehmen kann, wie sie sich aus Ihrem Browserverhalten ergeben.<\/p>\n<p>Einige der modernen Browser bieten M\u00f6glichkeiten, die Cookie-Einstellungen zu \u00e4ndern. Diese Einstellungen finden Sie normalerweise in den &#8222;Optionen&#8220; oder &#8222;Einstellungen&#8220; Ihres Browsers.<\/p>\n<p>F\u00fcr weitere Informationen zu diesen Einstellungen k\u00f6nnen Ihnen die folgenden Links hilfreich sein, oder Sie k\u00f6nnen die &#8222;Hilfe&#8220;-Option Ihres Browsers f\u00fcr weitere Details verwenden.<\/p>\n\t\t\t\t\t\t\t\t<\/div>\n\t\t\t\t<\/div>\n\t\t\t\t\t<\/div>\n\t\t<\/div>\n\t\t\t\t\t<\/div>\n\t\t<\/section>\n\t\t\t\t<\/div>\n\t\t","protected":false},"excerpt":{"rendered":"<p>COOKIE-RICHTLINIE Was ist ein Cookie? Ein Cookie ist eine kleine Datendatei, die von der Website Besuchern zugeordnet wird, um deren reibungslose Funktionsweise, Effizienz und Sicherheit zu erm\u00f6glichen. Cookies werden \u00fcber Anfragen \u00fcbertragen, die vom Server an einen Webbrowser gesendet werden (z. B. Internet Explorer, Mozilla Firefox, Google Chrome). Diese Dateien enthalten keine Softwareprogramme, Viren oder [&hellip;]<\/p>\n","protected":false},"author":1,"featured_media":0,"parent":0,"menu_order":0,"comment_status":"closed","ping_status":"closed","template":"elementor_header_footer","meta":{"footnotes":""},"class_list":["post-6167","page","type-page","status-publish","hentry"],"_links":{"self":[{"href":"https:\/\/constantinbucovina.ro\/de\/wp-json\/wp\/v2\/pages\/6167","targetHints":{"allow":["GET"]}}],"collection":[{"href":"https:\/\/constantinbucovina.ro\/de\/wp-json\/wp\/v2\/pages"}],"about":[{"href":"https:\/\/constantinbucovina.ro\/de\/wp-json\/wp\/v2\/types\/page"}],"author":[{"embeddable":true,"href":"https:\/\/constantinbucovina.ro\/de\/wp-json\/wp\/v2\/users\/1"}],"replies":[{"embeddable":true,"href":"https:\/\/constantinbucovina.ro\/de\/wp-json\/wp\/v2\/comments?post=6167"}],"version-history":[{"count":3,"href":"https:\/\/constantinbucovina.ro\/de\/wp-json\/wp\/v2\/pages\/6167\/revisions"}],"predecessor-version":[{"id":8207,"href":"https:\/\/constantinbucovina.ro\/de\/wp-json\/wp\/v2\/pages\/6167\/revisions\/8207"}],"wp:attachment":[{"href":"https:\/\/constantinbucovina.ro\/de\/wp-json\/wp\/v2\/media?parent=6167"}],"curies":[{"name":"wp","href":"https:\/\/api.w.org\/{rel}","templated":true}]}}