{"id":6169,"date":"2023-01-11T09:14:55","date_gmt":"2023-01-11T07:14:55","guid":{"rendered":"https:\/\/constantinbucovina.ro\/geschaeftsbedingungen\/"},"modified":"2023-10-09T16:45:05","modified_gmt":"2023-10-09T13:45:05","slug":"geschaeftsbedingungen","status":"publish","type":"page","link":"https:\/\/constantinbucovina.ro\/de\/geschaeftsbedingungen\/","title":{"rendered":"Gesch\u00e4ftsbedingungen"},"content":{"rendered":"\t\t<div data-elementor-type=\"wp-page\" data-elementor-id=\"6169\" class=\"elementor elementor-6169 elementor-76\" data-elementor-post-type=\"page\">\n\t\t\t\t\t\t<section class=\"elementor-section elementor-top-section elementor-element elementor-element-7678c60 elementor-section-full_width elementor-section-height-default elementor-section-height-default\" data-id=\"7678c60\" data-element_type=\"section\">\n\t\t\t\t\t\t<div class=\"elementor-container elementor-column-gap-no\">\n\t\t\t\t\t<div class=\"elementor-column elementor-col-100 elementor-top-column elementor-element elementor-element-96b1f77\" data-id=\"96b1f77\" data-element_type=\"column\">\n\t\t\t<div class=\"elementor-widget-wrap elementor-element-populated\">\n\t\t\t\t\t\t<div class=\"elementor-element elementor-element-bc0876b elementor-widget elementor-widget-heading\" data-id=\"bc0876b\" data-element_type=\"widget\" data-widget_type=\"heading.default\">\n\t\t\t\t<div class=\"elementor-widget-container\">\n\t\t\t\t\t<h2 class=\"elementor-heading-title elementor-size-default\">GESCH\u00c4FTSBEDINGUNGEN<\/h2>\t\t\t\t<\/div>\n\t\t\t\t<\/div>\n\t\t\t\t<div class=\"elementor-element elementor-element-0337065 elementor-widget elementor-widget-image\" data-id=\"0337065\" data-element_type=\"widget\" data-widget_type=\"image.default\">\n\t\t\t\t<div class=\"elementor-widget-container\">\n\t\t\t\t\t\t\t\t\t\t\t\t\t\t\t<img fetchpriority=\"high\" decoding=\"async\" width=\"554\" height=\"91\" src=\"https:\/\/constantinbucovina.ro\/wp-content\/uploads\/2023\/01\/Group-702.png\" class=\"attachment-full size-full wp-image-154\" alt=\"\" srcset=\"https:\/\/constantinbucovina.ro\/wp-content\/uploads\/2023\/01\/Group-702.png 554w, https:\/\/constantinbucovina.ro\/wp-content\/uploads\/2023\/01\/Group-702-300x49.png 300w\" sizes=\"(max-width: 554px) 100vw, 554px\" \/>\t\t\t\t\t\t\t\t\t\t\t\t\t\t\t<\/div>\n\t\t\t\t<\/div>\n\t\t\t\t<div class=\"elementor-element elementor-element-69a72c0 elementor-widget__width-initial elementor-absolute e-transform elementor-hidden-mobile elementor-widget elementor-widget-image\" data-id=\"69a72c0\" data-element_type=\"widget\" data-settings=\"{&quot;_position&quot;:&quot;absolute&quot;,&quot;_transform_rotateZ_effect&quot;:{&quot;unit&quot;:&quot;px&quot;,&quot;size&quot;:180,&quot;sizes&quot;:[]},&quot;_transform_rotateZ_effect_tablet&quot;:{&quot;unit&quot;:&quot;deg&quot;,&quot;size&quot;:&quot;&quot;,&quot;sizes&quot;:[]},&quot;_transform_rotateZ_effect_mobile&quot;:{&quot;unit&quot;:&quot;deg&quot;,&quot;size&quot;:&quot;&quot;,&quot;sizes&quot;:[]}}\" data-widget_type=\"image.default\">\n\t\t\t\t<div class=\"elementor-widget-container\">\n\t\t\t\t\t\t\t\t\t\t\t\t\t\t\t<img decoding=\"async\" width=\"368\" height=\"736\" src=\"https:\/\/constantinbucovina.ro\/wp-content\/uploads\/2023\/01\/Vector-1-e1696406699583.png\" class=\"attachment-large size-large wp-image-294\" alt=\"\" srcset=\"https:\/\/constantinbucovina.ro\/wp-content\/uploads\/2023\/01\/Vector-1-e1696406699583.png 368w, https:\/\/constantinbucovina.ro\/wp-content\/uploads\/2023\/01\/Vector-1-e1696406699583-150x300.png 150w\" sizes=\"(max-width: 368px) 100vw, 368px\" \/>\t\t\t\t\t\t\t\t\t\t\t\t\t\t\t<\/div>\n\t\t\t\t<\/div>\n\t\t\t\t\t<\/div>\n\t\t<\/div>\n\t\t\t\t\t<\/div>\n\t\t<\/section>\n\t\t\t\t<section class=\"elementor-section elementor-top-section elementor-element elementor-element-1f84da5 elementor-section-boxed elementor-section-height-default elementor-section-height-default\" data-id=\"1f84da5\" data-element_type=\"section\">\n\t\t\t\t\t\t<div class=\"elementor-container elementor-column-gap-default\">\n\t\t\t\t\t<div class=\"elementor-column elementor-col-100 elementor-top-column elementor-element elementor-element-3dbd912\" data-id=\"3dbd912\" data-element_type=\"column\">\n\t\t\t<div class=\"elementor-widget-wrap elementor-element-populated\">\n\t\t\t\t\t\t<div class=\"elementor-element elementor-element-bd51128 elementor-widget elementor-widget-text-editor\" data-id=\"bd51128\" data-element_type=\"widget\" data-widget_type=\"text-editor.default\">\n\t\t\t\t<div class=\"elementor-widget-container\">\n\t\t\t\t\t\t\t\t\t<p><strong>Letzte Aktualisierung: 30.08.2023<\/strong><\/p>\n<p>Wir freuen uns, dass Sie unsere Website besuchen und unsere Dienstleistungen nutzen. Bitte lesen Sie diese Nutzungsbedingungen sorgf\u00e4ltig durch, da die Nutzung der Website die Zustimmung zu diesen Bedingungen impliziert. Wenn Sie mit diesen Bedingungen nicht einverstanden sind, empfehlen wir Ihnen, die Website nicht zu nutzen.<\/p>\n<p><strong>Nutzung der Website<\/strong><\/p>\n<ul>\n<li>Diese Website soll Informationen \u00fcber das Constantin Tourist Resort bereitstellen und den Buchungsprozess f\u00fcr unsere Dienstleistungen erleichtern.<\/li>\n<li>Der Inhalt dieser Website ist urheberrechtlich gesch\u00fctzt und darf nur zu nicht kommerziellen Zwecken wiederverwendet werden.<\/li>\n<li>Unsere Bem\u00fchungen konzentrieren sich darauf, korrekte und aktuelle Informationen bereitzustellen, jedoch k\u00f6nnen wir die Vollst\u00e4ndigkeit oder Genauigkeit nicht garantieren.<\/li>\n<\/ul>\n<p><strong>Online-Buchungen<\/strong><\/p>\n<ul>\n<li>Zur Buchung von Zimmern oder Veranstaltungsr\u00e4umen verwenden wir eine Plattform f\u00fcr <a href=\"https:\/\/complex-turistic-constantin-bucovina.pynbooking.direct\/\" target=\"_blank\" rel=\"noopener\">Online-Buchungen<\/a>.<\/li>\n<li>Bevor Sie diese Plattform nutzen, lesen Sie bitte deren Nutzungsbedingungen, da sie von Dritten verwaltet wird.<\/li>\n<li>Jedes Problem oder jede Streitigkeit im Zusammenhang mit Buchungen, die \u00fcber die Online-Buchungsplattform get\u00e4tigt wurden, muss gem\u00e4\u00df den Bedingungen dieser Plattform gel\u00f6st werden.<\/li>\n<\/ul>\n<p><strong>Haftung und \u00c4nderungen<\/strong><\/p>\n<ul>\n<li>Das Constantin Tourist Resort bem\u00fcht sich, korrekte und aktuelle Informationen bereitzustellen, kann jedoch nicht f\u00fcr eventuelle Fehler oder Auslassungen verantwortlich gemacht werden.<\/li>\n<li>Wir behalten uns das Recht vor, den Inhalt der Website sowie die Nutzungsbedingungen ohne vorherige Benachrichtigung zu \u00e4ndern.<\/li>\n<li>Wenn eine \u00dcberarbeitung signifikant ist, werden wir versuchen, eine Benachrichtigung mindestens 30 Tage vor Inkrafttreten der neuen Bedingungen bereitzustellen. Was eine wesentliche \u00c4nderung darstellt, liegt in unserem Ermessen.<\/li>\n<\/ul>\n<p><strong>Kontakt<\/strong><\/p>\n<p>Bei Fragen oder Unklarheiten zu den Nutzungsbedingungen kontaktieren Sie uns bitte per E-Mail unter <a href=\"mailto:contact@constantinbucovina.ro\" target=\"_new\">contact@constantinbucovina.ro<\/a> oder telefonisch unter der Nummer <a href=\"tel:0752066026\">0752 066 026<\/a>.<\/p>\n\t\t\t\t\t\t\t\t<\/div>\n\t\t\t\t<\/div>\n\t\t\t\t\t<\/div>\n\t\t<\/div>\n\t\t\t\t\t<\/div>\n\t\t<\/section>\n\t\t\t\t<\/div>\n\t\t","protected":false},"excerpt":{"rendered":"<p>GESCH\u00c4FTSBEDINGUNGEN Letzte Aktualisierung: 30.08.2023 Wir freuen uns, dass Sie unsere Website besuchen und unsere Dienstleistungen nutzen. Bitte lesen Sie diese Nutzungsbedingungen sorgf\u00e4ltig durch, da die Nutzung der Website die Zustimmung zu diesen Bedingungen impliziert. Wenn Sie mit diesen Bedingungen nicht einverstanden sind, empfehlen wir Ihnen, die Website nicht zu nutzen. Nutzung der Website Diese Website [&hellip;]<\/p>\n","protected":false},"author":1,"featured_media":0,"parent":0,"menu_order":0,"comment_status":"closed","ping_status":"closed","template":"elementor_header_footer","meta":{"footnotes":""},"class_list":["post-6169","page","type-page","status-publish","hentry"],"_links":{"self":[{"href":"https:\/\/constantinbucovina.ro\/de\/wp-json\/wp\/v2\/pages\/6169","targetHints":{"allow":["GET"]}}],"collection":[{"href":"https:\/\/constantinbucovina.ro\/de\/wp-json\/wp\/v2\/pages"}],"about":[{"href":"https:\/\/constantinbucovina.ro\/de\/wp-json\/wp\/v2\/types\/page"}],"author":[{"embeddable":true,"href":"https:\/\/constantinbucovina.ro\/de\/wp-json\/wp\/v2\/users\/1"}],"replies":[{"embeddable":true,"href":"https:\/\/constantinbucovina.ro\/de\/wp-json\/wp\/v2\/comments?post=6169"}],"version-history":[{"count":2,"href":"https:\/\/constantinbucovina.ro\/de\/wp-json\/wp\/v2\/pages\/6169\/revisions"}],"predecessor-version":[{"id":8204,"href":"https:\/\/constantinbucovina.ro\/de\/wp-json\/wp\/v2\/pages\/6169\/revisions\/8204"}],"wp:attachment":[{"href":"https:\/\/constantinbucovina.ro\/de\/wp-json\/wp\/v2\/media?parent=6169"}],"curies":[{"name":"wp","href":"https:\/\/api.w.org\/{rel}","templated":true}]}}