{"id":9406,"date":"2023-11-09T16:44:00","date_gmt":"2023-11-09T14:44:00","guid":{"rendered":"https:\/\/constantinbucovina.ro\/bieter\/"},"modified":"2024-09-08T17:27:02","modified_gmt":"2024-09-08T14:27:02","slug":"bieter","status":"publish","type":"page","link":"https:\/\/constantinbucovina.ro\/de\/bieter\/","title":{"rendered":"Bieter"},"content":{"rendered":"\t\t<div data-elementor-type=\"wp-page\" data-elementor-id=\"9406\" class=\"elementor elementor-9406 elementor-8403\" data-elementor-post-type=\"page\">\n\t\t\t\t\t\t<section class=\"elementor-section elementor-top-section elementor-element elementor-element-1e62c9c elementor-section-full_width elementor-section-height-default elementor-section-height-default\" data-id=\"1e62c9c\" data-element_type=\"section\">\n\t\t\t\t\t\t\t<div class=\"elementor-background-overlay\"><\/div>\n\t\t\t\t\t\t\t<div class=\"elementor-container elementor-column-gap-no\">\n\t\t\t\t\t<div class=\"elementor-column elementor-col-100 elementor-top-column elementor-element elementor-element-09d27cb\" data-id=\"09d27cb\" data-element_type=\"column\">\n\t\t\t<div class=\"elementor-widget-wrap elementor-element-populated\">\n\t\t\t\t\t\t<div class=\"elementor-element elementor-element-83a7e72 elementor-widget elementor-widget-heading\" data-id=\"83a7e72\" data-element_type=\"widget\" data-widget_type=\"heading.default\">\n\t\t\t\t<div class=\"elementor-widget-container\">\n\t\t\t\t\t<h1 class=\"elementor-heading-title elementor-size-default\">Bieter<\/h1>\t\t\t\t<\/div>\n\t\t\t\t<\/div>\n\t\t\t\t<div class=\"elementor-element elementor-element-eab406c elementor-widget elementor-widget-image\" data-id=\"eab406c\" data-element_type=\"widget\" data-widget_type=\"image.default\">\n\t\t\t\t<div class=\"elementor-widget-container\">\n\t\t\t\t\t\t\t\t\t\t\t\t\t\t\t<img fetchpriority=\"high\" decoding=\"async\" width=\"554\" height=\"91\" src=\"https:\/\/constantinbucovina.ro\/wp-content\/uploads\/2023\/01\/Group-702.png\" class=\"attachment-full size-full wp-image-154\" alt=\"\" srcset=\"https:\/\/constantinbucovina.ro\/wp-content\/uploads\/2023\/01\/Group-702.png 554w, https:\/\/constantinbucovina.ro\/wp-content\/uploads\/2023\/01\/Group-702-300x49.png 300w\" sizes=\"(max-width: 554px) 100vw, 554px\" \/>\t\t\t\t\t\t\t\t\t\t\t\t\t\t\t<\/div>\n\t\t\t\t<\/div>\n\t\t\t\t<section class=\"elementor-section elementor-inner-section elementor-element elementor-element-d00324e elementor-reverse-tablet elementor-reverse-mobile elementor-hidden-desktop elementor-hidden-tablet elementor-hidden-mobile elementor-section-boxed elementor-section-height-default elementor-section-height-default\" data-id=\"d00324e\" data-element_type=\"section\">\n\t\t\t\t\t\t\t<div class=\"elementor-background-overlay\"><\/div>\n\t\t\t\t\t\t\t<div class=\"elementor-container elementor-column-gap-default\">\n\t\t\t\t\t<div class=\"elementor-column elementor-col-50 elementor-inner-column elementor-element elementor-element-86e5473\" data-id=\"86e5473\" data-element_type=\"column\">\n\t\t\t<div class=\"elementor-widget-wrap elementor-element-populated\">\n\t\t\t\t\t\t<div class=\"elementor-element elementor-element-07779cb elementor-widget elementor-widget-image\" data-id=\"07779cb\" data-element_type=\"widget\" data-widget_type=\"image.default\">\n\t\t\t\t<div class=\"elementor-widget-container\">\n\t\t\t\t\t\t\t\t\t\t\t\t\t\t\t\t<a href=\"https:\/\/constantinbucovina.ro\/wp-content\/uploads\/2023\/11\/revelion-ctin-02-min.png\" data-elementor-open-lightbox=\"yes\" data-e-action-hash=\"#elementor-action%3Aaction%3Dlightbox%26settings%3DeyJpZCI6OTE5OCwidXJsIjoiaHR0cHM6XC9cL2NvbnN0YW50aW5idWNvdmluYS5yb1wvd3AtY29udGVudFwvdXBsb2Fkc1wvMjAyM1wvMTFcL3JldmVsaW9uLWN0aW4tMDItbWluLnBuZyJ9\">\n\t\t\t\t\t\t\t<img decoding=\"async\" width=\"800\" height=\"800\" src=\"https:\/\/constantinbucovina.ro\/wp-content\/uploads\/2023\/11\/revelion-ctin-02-min-1024x1024.png\" class=\"attachment-large size-large wp-image-9198\" alt=\"\" srcset=\"https:\/\/constantinbucovina.ro\/wp-content\/uploads\/2023\/11\/revelion-ctin-02-min-1024x1024.png 1024w, https:\/\/constantinbucovina.ro\/wp-content\/uploads\/2023\/11\/revelion-ctin-02-min-300x300.png 300w, https:\/\/constantinbucovina.ro\/wp-content\/uploads\/2023\/11\/revelion-ctin-02-min-150x150.png 150w, https:\/\/constantinbucovina.ro\/wp-content\/uploads\/2023\/11\/revelion-ctin-02-min-768x768.png 768w, https:\/\/constantinbucovina.ro\/wp-content\/uploads\/2023\/11\/revelion-ctin-02-min-1536x1536.png 1536w, https:\/\/constantinbucovina.ro\/wp-content\/uploads\/2023\/11\/revelion-ctin-02-min-2048x2048.png 2048w\" sizes=\"(max-width: 800px) 100vw, 800px\" \/>\t\t\t\t\t\t\t\t<\/a>\n\t\t\t\t\t\t\t\t\t\t\t\t\t\t\t<\/div>\n\t\t\t\t<\/div>\n\t\t\t\t\t<\/div>\n\t\t<\/div>\n\t\t\t\t<div class=\"elementor-column elementor-col-50 elementor-inner-column elementor-element elementor-element-255468e\" data-id=\"255468e\" data-element_type=\"column\">\n\t\t\t<div class=\"elementor-widget-wrap elementor-element-populated\">\n\t\t\t\t\t\t<div class=\"elementor-element elementor-element-7dff9b1 elementor-widget elementor-widget-heading\" data-id=\"7dff9b1\" data-element_type=\"widget\" data-widget_type=\"heading.default\">\n\t\t\t\t<div class=\"elementor-widget-container\">\n\t\t\t\t\t<h2 class=\"elementor-heading-title elementor-size-default\">Silvester in der Bukowina<\/h2>\t\t\t\t<\/div>\n\t\t\t\t<\/div>\n\t\t\t\t<div class=\"elementor-element elementor-element-c29f193 elementor-widget-divider--view-line elementor-widget elementor-widget-divider\" data-id=\"c29f193\" data-element_type=\"widget\" data-widget_type=\"divider.default\">\n\t\t\t\t<div class=\"elementor-widget-container\">\n\t\t\t\t\t\t\t<div class=\"elementor-divider\">\n\t\t\t<span class=\"elementor-divider-separator\">\n\t\t\t\t\t\t<\/span>\n\t\t<\/div>\n\t\t\t\t\t\t<\/div>\n\t\t\t\t<\/div>\n\t\t\t\t<div class=\"elementor-element elementor-element-de3b7cc elementor-widget__width-initial elementor-widget elementor-widget-text-editor\" data-id=\"de3b7cc\" data-element_type=\"widget\" data-widget_type=\"text-editor.default\">\n\t\t\t\t<div class=\"elementor-widget-container\">\n\t\t\t\t\t\t\t\t\t<p>Verbringen Sie Silvester in m\u00e4rchenhafter Atmosph\u00e4re im Constantin Tourist Complex!<\/p>\n<p>Unser Angebot f\u00fcr den Zeitraum vom 30. Dezember bis 2. Januar beschert Ihnen ein unvergessliches Erlebnis in einem eleganten und gem\u00fctlichen Ambiente. Genie\u00dfen Sie unterhaltsame Abende mit einem au\u00dfergew\u00f6hnlichen Men\u00fc, das von talentierten K\u00f6chen zubereitet wird, um das neue Jahr einzul\u00e4uten.<\/p>\n<p>Mit komfortablen Zimmern und erstklassigen Einrichtungen garantieren wir Ihnen, dass Sie im Constantin Tourist das Jahr absolut hervorragend beginnen werden Komplex.<\/p>\n<p>Buchen Sie jetzt und sichern Sie sich Ihren Platz in dieser Oase der Ruhe und Eleganz, in der jedes Detail dazu beitr\u00e4gt, eine unvergessliche Erinnerung an den diesj\u00e4hrigen Silvesterabend zu schaffen!<\/p>\n\t\t\t\t\t\t\t\t<\/div>\n\t\t\t\t<\/div>\n\t\t\t\t\t<\/div>\n\t\t<\/div>\n\t\t\t\t\t<\/div>\n\t\t<\/section>\n\t\t\t\t<section class=\"elementor-section elementor-inner-section elementor-element elementor-element-4bb428a elementor-hidden-desktop elementor-hidden-tablet elementor-hidden-mobile elementor-section-boxed elementor-section-height-default elementor-section-height-default\" data-id=\"4bb428a\" data-element_type=\"section\">\n\t\t\t\t\t\t<div class=\"elementor-container elementor-column-gap-default\">\n\t\t\t\t\t<div class=\"elementor-column elementor-col-50 elementor-inner-column elementor-element elementor-element-0a24cb6\" data-id=\"0a24cb6\" data-element_type=\"column\">\n\t\t\t<div class=\"elementor-widget-wrap elementor-element-populated\">\n\t\t\t\t\t\t<div class=\"elementor-element elementor-element-a55c3b6 elementor-widget__width-initial elementor-absolute elementor-widget elementor-widget-image\" data-id=\"a55c3b6\" data-element_type=\"widget\" data-settings=\"{&quot;_position&quot;:&quot;absolute&quot;}\" data-widget_type=\"image.default\">\n\t\t\t\t<div class=\"elementor-widget-container\">\n\t\t\t\t\t\t\t\t\t\t\t\t\t\t\t<img decoding=\"async\" width=\"590\" height=\"589\" src=\"https:\/\/constantinbucovina.ro\/wp-content\/uploads\/2023\/11\/stea1.png\" class=\"attachment-large size-large wp-image-8475\" alt=\"\" srcset=\"https:\/\/constantinbucovina.ro\/wp-content\/uploads\/2023\/11\/stea1.png 590w, https:\/\/constantinbucovina.ro\/wp-content\/uploads\/2023\/11\/stea1-300x300.png 300w, https:\/\/constantinbucovina.ro\/wp-content\/uploads\/2023\/11\/stea1-150x150.png 150w\" sizes=\"(max-width: 590px) 100vw, 590px\" \/>\t\t\t\t\t\t\t\t\t\t\t\t\t\t\t<\/div>\n\t\t\t\t<\/div>\n\t\t\t\t<div class=\"elementor-element elementor-element-1c1b92d elementor-widget__width-initial elementor-absolute elementor-widget elementor-widget-image\" data-id=\"1c1b92d\" data-element_type=\"widget\" data-settings=\"{&quot;_position&quot;:&quot;absolute&quot;}\" data-widget_type=\"image.default\">\n\t\t\t\t<div class=\"elementor-widget-container\">\n\t\t\t\t\t\t\t\t\t\t\t\t\t\t\t<img loading=\"lazy\" decoding=\"async\" width=\"507\" height=\"509\" src=\"https:\/\/constantinbucovina.ro\/wp-content\/uploads\/2023\/11\/stea2.png\" class=\"attachment-large size-large wp-image-8471\" alt=\"\" srcset=\"https:\/\/constantinbucovina.ro\/wp-content\/uploads\/2023\/11\/stea2.png 507w, https:\/\/constantinbucovina.ro\/wp-content\/uploads\/2023\/11\/stea2-300x300.png 300w, https:\/\/constantinbucovina.ro\/wp-content\/uploads\/2023\/11\/stea2-150x150.png 150w\" sizes=\"(max-width: 507px) 100vw, 507px\" \/>\t\t\t\t\t\t\t\t\t\t\t\t\t\t\t<\/div>\n\t\t\t\t<\/div>\n\t\t\t\t<div class=\"elementor-element elementor-element-456b591 elementor-widget elementor-widget-heading\" data-id=\"456b591\" data-element_type=\"widget\" data-widget_type=\"heading.default\">\n\t\t\t\t<div class=\"elementor-widget-container\">\n\t\t\t\t\t<h2 class=\"elementor-heading-title elementor-size-default\">Weihnachten in der Bukowina<\/h2>\t\t\t\t<\/div>\n\t\t\t\t<\/div>\n\t\t\t\t<div class=\"elementor-element elementor-element-5f0959b elementor-widget-divider--view-line elementor-widget elementor-widget-divider\" data-id=\"5f0959b\" data-element_type=\"widget\" data-widget_type=\"divider.default\">\n\t\t\t\t<div class=\"elementor-widget-container\">\n\t\t\t\t\t\t\t<div class=\"elementor-divider\">\n\t\t\t<span class=\"elementor-divider-separator\">\n\t\t\t\t\t\t<\/span>\n\t\t<\/div>\n\t\t\t\t\t\t<\/div>\n\t\t\t\t<\/div>\n\t\t\t\t<div class=\"elementor-element elementor-element-0a4b7da elementor-widget elementor-widget-text-editor\" data-id=\"0a4b7da\" data-element_type=\"widget\" data-widget_type=\"text-editor.default\">\n\t\t\t\t<div class=\"elementor-widget-container\">\n\t\t\t\t\t\t\t\t\t<p>Genie\u00dfen Sie den Zauber des Winterurlaubs mitten in der Natur im <strong>Constantin Tourist Complex<\/strong>! Entdecken Sie den Charme von Weihnachten bei einem besonderen 3-t\u00e4gigen Aufenthalt (23.-26. Dezember), bei dem Sie Ruhe, Komfort und Tradition finden.<\/p>\n<p>Im Constantin Tourist Complex erwartet Sie ein authentisches Erlebnis, in einem Ambiente mit traditioneller Architektur und modernen Annehmlichkeiten. Jede Ecke des Komplexes strahlt Gastfreundschaft und W\u00e4rme aus und macht Ihren Aufenthalt zu einem unvergesslichen Moment.<\/p>\n<p>Genie\u00dfen Sie traditionelle und k\u00f6stliche K\u00fcche, sorgf\u00e4ltig zubereitet von unseren talentierten K\u00f6chen. Die festliche Atmosph\u00e4re in unseren Restaurants wird Sie in weihnachtliche Stimmung versetzen und Ihnen die M\u00f6glichkeit geben, besondere Momente mit Ihren Lieben zu teilen.<\/p>\n<p>Im Complex Turistic Constantin finden Sie alles, was Sie sich w\u00fcnschen Ihres Aufenthalts Ihr Weihnachtsfest zu einem authentischen und freudigen Erlebnis. G\u00f6nnen Sie sich eine Auszeit von der Hektik des Alltags und lassen Sie sich vom Charme der Ferien inmitten unserer gro\u00dfz\u00fcgigen Natur mitrei\u00dfen. Wir erwarten Sie mit offenen Armen, um in dieser magischen Zeit des Jahres unvergessliche Erinnerungen zu schaffen!<\/p>\n\t\t\t\t\t\t\t\t<\/div>\n\t\t\t\t<\/div>\n\t\t\t\t\t<\/div>\n\t\t<\/div>\n\t\t\t\t<div class=\"elementor-column elementor-col-50 elementor-inner-column elementor-element elementor-element-3e23749\" data-id=\"3e23749\" data-element_type=\"column\">\n\t\t\t<div class=\"elementor-widget-wrap elementor-element-populated\">\n\t\t\t\t\t\t<div class=\"elementor-element elementor-element-31befa5 premium-floating-effects-yes elementor-widget elementor-widget-image\" data-id=\"31befa5\" data-element_type=\"widget\" data-settings=\"{&quot;premium_fe_trigger&quot;:&quot;load&quot;,&quot;premium_fe_direction&quot;:&quot;alternate&quot;,&quot;premium_fe_loop&quot;:&quot;default&quot;,&quot;premium_fe_easing&quot;:&quot;easeInOutSine&quot;}\" data-widget_type=\"image.default\">\n\t\t\t\t<div class=\"elementor-widget-container\">\n\t\t\t\t\t\t\t\t\t\t\t\t\t\t\t\t<a href=\"https:\/\/constantinbucovina.ro\/wp-content\/uploads\/2023\/11\/craciun-constantin-01-min.png\" data-elementor-open-lightbox=\"yes\" data-e-action-hash=\"#elementor-action%3Aaction%3Dlightbox%26settings%3DeyJpZCI6ODQyNSwidXJsIjoiaHR0cHM6XC9cL2NvbnN0YW50aW5idWNvdmluYS5yb1wvd3AtY29udGVudFwvdXBsb2Fkc1wvMjAyM1wvMTFcL2NyYWNpdW4tY29uc3RhbnRpbi0wMS1taW4ucG5nIn0%3D\">\n\t\t\t\t\t\t\t<img loading=\"lazy\" decoding=\"async\" width=\"800\" height=\"800\" src=\"https:\/\/constantinbucovina.ro\/wp-content\/uploads\/2023\/11\/craciun-constantin-01-min-1024x1024.png\" class=\"attachment-large size-large wp-image-8425\" alt=\"oferta craciunn\" srcset=\"https:\/\/constantinbucovina.ro\/wp-content\/uploads\/2023\/11\/craciun-constantin-01-min-1024x1024.png 1024w, https:\/\/constantinbucovina.ro\/wp-content\/uploads\/2023\/11\/craciun-constantin-01-min-300x300.png 300w, https:\/\/constantinbucovina.ro\/wp-content\/uploads\/2023\/11\/craciun-constantin-01-min-150x150.png 150w, https:\/\/constantinbucovina.ro\/wp-content\/uploads\/2023\/11\/craciun-constantin-01-min-768x768.png 768w, https:\/\/constantinbucovina.ro\/wp-content\/uploads\/2023\/11\/craciun-constantin-01-min-1536x1536.png 1536w, https:\/\/constantinbucovina.ro\/wp-content\/uploads\/2023\/11\/craciun-constantin-01-min-2048x2048.png 2048w\" sizes=\"(max-width: 800px) 100vw, 800px\" \/>\t\t\t\t\t\t\t\t<\/a>\n\t\t\t\t\t\t\t\t\t\t\t\t\t\t\t<\/div>\n\t\t\t\t<\/div>\n\t\t\t\t\t<\/div>\n\t\t<\/div>\n\t\t\t\t\t<\/div>\n\t\t<\/section>\n\t\t\t\t<section class=\"elementor-section elementor-inner-section elementor-element elementor-element-fb69712 elementor-reverse-tablet elementor-reverse-mobile elementor-hidden-desktop elementor-hidden-tablet elementor-hidden-mobile elementor-section-boxed elementor-section-height-default elementor-section-height-default\" data-id=\"fb69712\" data-element_type=\"section\">\n\t\t\t\t\t\t\t<div class=\"elementor-background-overlay\"><\/div>\n\t\t\t\t\t\t\t<div class=\"elementor-container elementor-column-gap-default\">\n\t\t\t\t\t<div class=\"elementor-column elementor-col-50 elementor-inner-column elementor-element elementor-element-9cfa59c\" data-id=\"9cfa59c\" data-element_type=\"column\">\n\t\t\t<div class=\"elementor-widget-wrap elementor-element-populated\">\n\t\t\t\t\t\t<div class=\"elementor-element elementor-element-4f01285 elementor-widget elementor-widget-image\" data-id=\"4f01285\" data-element_type=\"widget\" data-widget_type=\"image.default\">\n\t\t\t\t<div class=\"elementor-widget-container\">\n\t\t\t\t\t\t\t\t\t\t\t\t\t\t\t\t<a href=\"https:\/\/constantinbucovina.ro\/wp-content\/uploads\/2023\/11\/1-dec-03.png\" data-elementor-open-lightbox=\"yes\" data-e-action-hash=\"#elementor-action%3Aaction%3Dlightbox%26settings%3DeyJpZCI6OTEwMiwidXJsIjoiaHR0cHM6XC9cL2NvbnN0YW50aW5idWNvdmluYS5yb1wvd3AtY29udGVudFwvdXBsb2Fkc1wvMjAyM1wvMTFcLzEtZGVjLTAzLnBuZyJ9\">\n\t\t\t\t\t\t\t<img loading=\"lazy\" decoding=\"async\" width=\"800\" height=\"800\" src=\"https:\/\/constantinbucovina.ro\/wp-content\/uploads\/2023\/11\/1-dec-03-1024x1024.png\" class=\"attachment-large size-large wp-image-9102\" alt=\"\" srcset=\"https:\/\/constantinbucovina.ro\/wp-content\/uploads\/2023\/11\/1-dec-03-1024x1024.png 1024w, https:\/\/constantinbucovina.ro\/wp-content\/uploads\/2023\/11\/1-dec-03-300x300.png 300w, https:\/\/constantinbucovina.ro\/wp-content\/uploads\/2023\/11\/1-dec-03-150x150.png 150w, https:\/\/constantinbucovina.ro\/wp-content\/uploads\/2023\/11\/1-dec-03-768x768.png 768w, https:\/\/constantinbucovina.ro\/wp-content\/uploads\/2023\/11\/1-dec-03-1536x1536.png 1536w, https:\/\/constantinbucovina.ro\/wp-content\/uploads\/2023\/11\/1-dec-03-2048x2048.png 2048w\" sizes=\"(max-width: 800px) 100vw, 800px\" \/>\t\t\t\t\t\t\t\t<\/a>\n\t\t\t\t\t\t\t\t\t\t\t\t\t\t\t<\/div>\n\t\t\t\t<\/div>\n\t\t\t\t\t<\/div>\n\t\t<\/div>\n\t\t\t\t<div class=\"elementor-column elementor-col-50 elementor-inner-column elementor-element elementor-element-233151e\" data-id=\"233151e\" data-element_type=\"column\">\n\t\t\t<div class=\"elementor-widget-wrap elementor-element-populated\">\n\t\t\t\t\t\t<div class=\"elementor-element elementor-element-cc3ef74 elementor-widget elementor-widget-heading\" data-id=\"cc3ef74\" data-element_type=\"widget\" data-widget_type=\"heading.default\">\n\t\t\t\t<div class=\"elementor-widget-container\">\n\t\t\t\t\t<h2 class=\"elementor-heading-title elementor-size-default\">Rum\u00e4nische Party im Herzen der Bukowina<\/h2>\t\t\t\t<\/div>\n\t\t\t\t<\/div>\n\t\t\t\t<div class=\"elementor-element elementor-element-006f7bd elementor-widget-divider--view-line elementor-widget elementor-widget-divider\" data-id=\"006f7bd\" data-element_type=\"widget\" data-widget_type=\"divider.default\">\n\t\t\t\t<div class=\"elementor-widget-container\">\n\t\t\t\t\t\t\t<div class=\"elementor-divider\">\n\t\t\t<span class=\"elementor-divider-separator\">\n\t\t\t\t\t\t<\/span>\n\t\t<\/div>\n\t\t\t\t\t\t<\/div>\n\t\t\t\t<\/div>\n\t\t\t\t<div class=\"elementor-element elementor-element-f9047a6 elementor-widget elementor-widget-text-editor\" data-id=\"f9047a6\" data-element_type=\"widget\" data-widget_type=\"text-editor.default\">\n\t\t\t\t<div class=\"elementor-widget-container\">\n\t\t\t\t\t\t\t\t\t<p>Party in der Authentizit\u00e4t und Ruhe der Bukowina im <strong>Complex Turistic Constantin<\/strong> vom 1. bis 2. Dezember 2023.<\/p>\n<p>Mit traditioneller Architektur und modernen Einrichtungen bietet der Komplex ein authentisches Ambiente Rum\u00e4nische Erfahrung und Herzlichkeit, perfekt f\u00fcr die Feier des rum\u00e4nischen Nationalfeiertags. Genie\u00dfen Sie traditionelle K\u00fcche in einer festlichen Atmosph\u00e4re, in der Sie besondere Momente mit Ihren Lieben teilen k\u00f6nnen.<\/p>\n<p>Jeder Winkel der Anlage strahlt Gastfreundschaft aus und macht Ihren Aufenthalt zu einem unvergesslichen Moment in dieser magischen Zeit des Jahres mit ganz besonderem Flair Schwerpunkt auf rum\u00e4nischen Traditionen. Mit offenen Armen erwartet Sie der Constantin Tourist Complex, damit Sie die Freude an den Feiertagen erleben und in dieser besonderen Zeit unvergessliche Erinnerungen schaffen k\u00f6nnen.<\/p>\n\t\t\t\t\t\t\t\t<\/div>\n\t\t\t\t<\/div>\n\t\t\t\t\t<\/div>\n\t\t<\/div>\n\t\t\t\t\t<\/div>\n\t\t<\/section>\n\t\t\t\t\t<\/div>\n\t\t<\/div>\n\t\t\t\t\t<\/div>\n\t\t<\/section>\n\t\t\t\t<\/div>\n\t\t","protected":false},"excerpt":{"rendered":"<p>Bieter Silvester in der Bukowina Verbringen Sie Silvester in m\u00e4rchenhafter Atmosph\u00e4re im Constantin Tourist Complex! Unser Angebot f\u00fcr den Zeitraum vom 30. Dezember bis 2. Januar beschert Ihnen ein unvergessliches Erlebnis in einem eleganten und gem\u00fctlichen Ambiente. Genie\u00dfen Sie unterhaltsame Abende mit einem au\u00dfergew\u00f6hnlichen Men\u00fc, das von talentierten K\u00f6chen zubereitet wird, um das neue Jahr [&hellip;]<\/p>\n","protected":false},"author":2,"featured_media":0,"parent":0,"menu_order":0,"comment_status":"closed","ping_status":"closed","template":"elementor_header_footer","meta":{"footnotes":""},"class_list":["post-9406","page","type-page","status-publish","hentry"],"_links":{"self":[{"href":"https:\/\/constantinbucovina.ro\/de\/wp-json\/wp\/v2\/pages\/9406","targetHints":{"allow":["GET"]}}],"collection":[{"href":"https:\/\/constantinbucovina.ro\/de\/wp-json\/wp\/v2\/pages"}],"about":[{"href":"https:\/\/constantinbucovina.ro\/de\/wp-json\/wp\/v2\/types\/page"}],"author":[{"embeddable":true,"href":"https:\/\/constantinbucovina.ro\/de\/wp-json\/wp\/v2\/users\/2"}],"replies":[{"embeddable":true,"href":"https:\/\/constantinbucovina.ro\/de\/wp-json\/wp\/v2\/comments?post=9406"}],"version-history":[{"count":3,"href":"https:\/\/constantinbucovina.ro\/de\/wp-json\/wp\/v2\/pages\/9406\/revisions"}],"predecessor-version":[{"id":9465,"href":"https:\/\/constantinbucovina.ro\/de\/wp-json\/wp\/v2\/pages\/9406\/revisions\/9465"}],"wp:attachment":[{"href":"https:\/\/constantinbucovina.ro\/de\/wp-json\/wp\/v2\/media?parent=9406"}],"curies":[{"name":"wp","href":"https:\/\/api.w.org\/{rel}","templated":true}]}}