{"id":6528,"date":"2023-01-11T08:01:09","date_gmt":"2023-01-11T06:01:09","guid":{"rendered":"https:\/\/constantinbucovina.ro\/chi-siamo\/"},"modified":"2024-07-31T10:14:54","modified_gmt":"2024-07-31T07:14:54","slug":"chi-siamo","status":"publish","type":"page","link":"https:\/\/constantinbucovina.ro\/it\/chi-siamo\/","title":{"rendered":"Chi siamo"},"content":{"rendered":"\t\t<div data-elementor-type=\"wp-page\" data-elementor-id=\"6528\" class=\"elementor elementor-6528 elementor-12\" data-elementor-post-type=\"page\">\n\t\t\t\t\t\t<section class=\"elementor-section elementor-top-section elementor-element elementor-element-3caa841 elementor-section-full_width elementor-section-height-default elementor-section-height-default\" data-id=\"3caa841\" data-element_type=\"section\">\n\t\t\t\t\t\t<div class=\"elementor-container elementor-column-gap-no\">\n\t\t\t\t\t<div class=\"elementor-column elementor-col-50 elementor-top-column elementor-element elementor-element-2a29c3c\" data-id=\"2a29c3c\" data-element_type=\"column\">\n\t\t\t<div class=\"elementor-widget-wrap elementor-element-populated\">\n\t\t\t\t\t\t<div class=\"elementor-element elementor-element-ba2d5a1 elementor-widget elementor-widget-heading\" data-id=\"ba2d5a1\" data-element_type=\"widget\" data-widget_type=\"heading.default\">\n\t\t\t\t<div class=\"elementor-widget-container\">\n\t\t\t\t\t<h1 class=\"elementor-heading-title elementor-size-default\">CHI SIAMO<\/h1>\t\t\t\t<\/div>\n\t\t\t\t<\/div>\n\t\t\t\t<div class=\"elementor-element elementor-element-9f9a3d8 elementor-widget elementor-widget-image\" data-id=\"9f9a3d8\" data-element_type=\"widget\" data-widget_type=\"image.default\">\n\t\t\t\t<div class=\"elementor-widget-container\">\n\t\t\t\t\t\t\t\t\t\t\t\t\t\t\t<img fetchpriority=\"high\" decoding=\"async\" width=\"554\" height=\"91\" src=\"https:\/\/constantinbucovina.ro\/wp-content\/uploads\/2023\/01\/Group-702.png\" class=\"attachment-full size-full wp-image-154\" alt=\"\" srcset=\"https:\/\/constantinbucovina.ro\/wp-content\/uploads\/2023\/01\/Group-702.png 554w, https:\/\/constantinbucovina.ro\/wp-content\/uploads\/2023\/01\/Group-702-300x49.png 300w\" sizes=\"(max-width: 554px) 100vw, 554px\" \/>\t\t\t\t\t\t\t\t\t\t\t\t\t\t\t<\/div>\n\t\t\t\t<\/div>\n\t\t\t\t<div class=\"elementor-element elementor-element-e4138d9 elementor-widget elementor-widget-text-editor\" data-id=\"e4138d9\" data-element_type=\"widget\" data-widget_type=\"text-editor.default\">\n\t\t\t\t<div class=\"elementor-widget-container\">\n\t\t\t\t\t\t\t\t\t<p>Scopri la gemma della Bucovina &#8211; il <strong>Complesso Turistico Constantin<\/strong> di C\u00e2mpulung Moldovenesc, Suceava.<\/p>\n<p>Situato nel cuore di questa regione da favola, il nostro complesso ti invita a sperimentare raffinatezza e autenticit\u00e0 in ogni dettaglio. Con 27 camere progettate per offrirti le pi\u00f9 pittoresche viste montane, ti assicuriamo che ogni momento passato qui sar\u00e0 memorabile.<\/p>\n<p>E per i pi\u00f9 piccoli, abbiamo preparato uno spazio giochi speciale, mentre coloro che desiderano relax o discussioni professionali possono usufruire di pittoresche pergolati e una sala conferenze all&#8217;avanguardia.<\/p>\n<p>Scegli l&#8217;esperienza, il gusto e la tradizione &#8211; scegli il Complesso Turistico Constantin!<\/p>\n\t\t\t\t\t\t\t\t<\/div>\n\t\t\t\t<\/div>\n\t\t\t\t<div class=\"elementor-element elementor-element-5ec86a7 elementor-widget elementor-widget-heading\" data-id=\"5ec86a7\" data-element_type=\"widget\" data-widget_type=\"heading.default\">\n\t\t\t\t<div class=\"elementor-widget-container\">\n\t\t\t\t\t<h2 class=\"elementor-heading-title elementor-size-default\">Esperienza<\/h2>\t\t\t\t<\/div>\n\t\t\t\t<\/div>\n\t\t\t\t<div class=\"elementor-element elementor-element-0fc35c3 elementor-widget elementor-widget-text-editor\" data-id=\"0fc35c3\" data-element_type=\"widget\" data-widget_type=\"text-editor.default\">\n\t\t\t\t<div class=\"elementor-widget-container\">\n\t\t\t\t\t\t\t\t\t<p>Nel corso degli anni, il team del <strong>Complesso Turistico Constantin<\/strong> ha offerto e dimostrato ai propri ospiti professionalit\u00e0, gentilezza e cordialit\u00e0, ricevendo recensioni positive anche dai turisti pi\u00f9 esigenti.<\/p>\n<p>Il <strong>Complesso Turistico Constantin<\/strong> di C\u00e2mpulung Moldovenesc offre un ambiente ideale sia per l&#8217;alloggio che per conferenze, simposi, incontri d&#8217;affari o riunioni culturali.<\/p>\n\t\t\t\t\t\t\t\t<\/div>\n\t\t\t\t<\/div>\n\t\t\t\t<div class=\"elementor-element elementor-element-b934c6e elementor-widget elementor-widget-heading\" data-id=\"b934c6e\" data-element_type=\"widget\" data-widget_type=\"heading.default\">\n\t\t\t\t<div class=\"elementor-widget-container\">\n\t\t\t\t\t<h3 class=\"elementor-heading-title elementor-size-default\">Sui dintorni<\/h3>\t\t\t\t<\/div>\n\t\t\t\t<\/div>\n\t\t\t\t<div class=\"elementor-element elementor-element-3a1c0b5 elementor-widget elementor-widget-text-editor\" data-id=\"3a1c0b5\" data-element_type=\"widget\" data-widget_type=\"text-editor.default\">\n\t\t\t\t<div class=\"elementor-widget-container\">\n\t\t\t\t\t\t\t\t\t<p>La sua posizione nel centro della citt\u00e0 di C\u00e2mpulung Moldovenesc, lungo l&#8217;arteria principale, consente di raggiungere rapidamente le destinazioni turistiche pi\u00f9 interessanti della zona, come la Cittadella di Suceava, il Museo di Storia, chiese e monasteri unici con affreschi famosi, alcuni dei quali fanno parte del patrimonio nazionale e dell&#8217;UNESCO.<\/p>\n\t\t\t\t\t\t\t\t<\/div>\n\t\t\t\t<\/div>\n\t\t\t\t<div class=\"elementor-element elementor-element-48b6800 elementor-widget elementor-widget-heading\" data-id=\"48b6800\" data-element_type=\"widget\" data-widget_type=\"heading.default\">\n\t\t\t\t<div class=\"elementor-widget-container\">\n\t\t\t\t\t<h3 class=\"elementor-heading-title elementor-size-default\">Ispirazione<\/h3>\t\t\t\t<\/div>\n\t\t\t\t<\/div>\n\t\t\t\t<div class=\"elementor-element elementor-element-1d3a353 elementor-widget elementor-widget-text-editor\" data-id=\"1d3a353\" data-element_type=\"widget\" data-widget_type=\"text-editor.default\">\n\t\t\t\t<div class=\"elementor-widget-container\">\n\t\t\t\t\t\t\t\t\t<p>Nella stagione calda, dopo una visita alla Cittadella di \u0218tefan cel Mare e ad altre attrazioni turistiche della zona, puoi rilassarti sulla terrazza del <strong>Complesso Turistico Constantin<\/strong>, progettata in uno stile ultra moderno e futuristico, con elementi decorativi appositamente creati per offrire agli ospiti un&#8217;atmosfera memorabile e accogliente.<\/p>\n<p>L&#8217;esperienza che vivrai, ispirata dalla storia, dalla cultura, dalla cucina e dalle tradizioni della zona, sar\u00e0 indimenticabile nel vero senso della parola.<\/p>\n\t\t\t\t\t\t\t\t<\/div>\n\t\t\t\t<\/div>\n\t\t\t\t<div class=\"elementor-element elementor-element-68cb293 elementor-widget elementor-widget-heading\" data-id=\"68cb293\" data-element_type=\"widget\" data-widget_type=\"heading.default\">\n\t\t\t\t<div class=\"elementor-widget-container\">\n\t\t\t\t\t<h3 class=\"elementor-heading-title elementor-size-default\">Posizione<\/h3>\t\t\t\t<\/div>\n\t\t\t\t<\/div>\n\t\t\t\t<div class=\"elementor-element elementor-element-2626182 elementor-widget elementor-widget-text-editor\" data-id=\"2626182\" data-element_type=\"widget\" data-widget_type=\"text-editor.default\">\n\t\t\t\t<div class=\"elementor-widget-container\">\n\t\t\t\t\t\t\t\t\t<p>La posizione \u00e8 eccezionale, il <strong>Complesso Constantin<\/strong> \u00e8 situato in una zona tranquilla, vicino alle principali attrazioni turistiche (Monastero di Sucevi\u021ba, Moldovi\u021ba, Monastero di San Giovanni il Nuovo di Suceava, Cittadella di \u0218tefan cel Mare).<\/p>\n<p>La vista incantevole che offre immagini fiabesche e monumenti storici \u00e8 il principale vantaggio che ci posiziona tra le preferenze dei turisti interessati a vacanze culturali e storiche.<\/p>\n\t\t\t\t\t\t\t\t<\/div>\n\t\t\t\t<\/div>\n\t\t\t\t\t<\/div>\n\t\t<\/div>\n\t\t\t\t<div class=\"elementor-column elementor-col-50 elementor-top-column elementor-element elementor-element-0b3732a\" data-id=\"0b3732a\" data-element_type=\"column\">\n\t\t\t<div class=\"elementor-widget-wrap elementor-element-populated\">\n\t\t\t\t\t\t<div class=\"elementor-element elementor-element-78ed308 elementor-widget elementor-widget-video\" data-id=\"78ed308\" data-element_type=\"widget\" data-settings=\"{&quot;video_type&quot;:&quot;hosted&quot;,&quot;autoplay&quot;:&quot;yes&quot;,&quot;mute&quot;:&quot;yes&quot;}\" data-widget_type=\"video.default\">\n\t\t\t\t<div class=\"elementor-widget-container\">\n\t\t\t\t\t\t\t<div class=\"e-hosted-video elementor-wrapper elementor-open-inline\">\n\t\t\t\t\t<video class=\"elementor-video\" src=\"https:\/\/constantinbucovina.ro\/wp-content\/uploads\/2023\/08\/5ed06ee8-da8c-4485-916e-4e0517897176.mp4\" autoplay=\"\" muted=\"muted\" controlsList=\"nodownload\"><\/video>\n\t\t\t\t<\/div>\n\t\t\t\t\t\t<\/div>\n\t\t\t\t<\/div>\n\t\t\t\t<div class=\"elementor-element elementor-element-afc6332 elementor-widget elementor-widget-image\" data-id=\"afc6332\" data-element_type=\"widget\" data-widget_type=\"image.default\">\n\t\t\t\t<div class=\"elementor-widget-container\">\n\t\t\t\t\t\t\t\t\t\t\t\t\t\t\t<img decoding=\"async\" width=\"840\" height=\"460\" src=\"https:\/\/constantinbucovina.ro\/wp-content\/uploads\/2023\/08\/Share.jpeg\" class=\"attachment-full size-full wp-image-6391\" alt=\"\" srcset=\"https:\/\/constantinbucovina.ro\/wp-content\/uploads\/2023\/08\/Share.jpeg 840w, https:\/\/constantinbucovina.ro\/wp-content\/uploads\/2023\/08\/Share-300x164.jpeg 300w, https:\/\/constantinbucovina.ro\/wp-content\/uploads\/2023\/08\/Share-768x421.jpeg 768w\" sizes=\"(max-width: 840px) 100vw, 840px\" \/>\t\t\t\t\t\t\t\t\t\t\t\t\t\t\t<\/div>\n\t\t\t\t<\/div>\n\t\t\t\t<div class=\"elementor-element elementor-element-70a50f1 elementor-widget elementor-widget-image\" data-id=\"70a50f1\" data-element_type=\"widget\" data-widget_type=\"image.default\">\n\t\t\t\t<div class=\"elementor-widget-container\">\n\t\t\t\t\t\t\t\t\t\t\t\t\t\t\t<img decoding=\"async\" width=\"1200\" height=\"798\" src=\"https:\/\/constantinbucovina.ro\/wp-content\/uploads\/2023\/08\/DSC_2211-compressed.jpg\" class=\"attachment-full size-full wp-image-6389\" alt=\"\" srcset=\"https:\/\/constantinbucovina.ro\/wp-content\/uploads\/2023\/08\/DSC_2211-compressed.jpg 1200w, https:\/\/constantinbucovina.ro\/wp-content\/uploads\/2023\/08\/DSC_2211-compressed-300x200.jpg 300w, https:\/\/constantinbucovina.ro\/wp-content\/uploads\/2023\/08\/DSC_2211-compressed-1024x681.jpg 1024w, https:\/\/constantinbucovina.ro\/wp-content\/uploads\/2023\/08\/DSC_2211-compressed-768x511.jpg 768w\" sizes=\"(max-width: 1200px) 100vw, 1200px\" \/>\t\t\t\t\t\t\t\t\t\t\t\t\t\t\t<\/div>\n\t\t\t\t<\/div>\n\t\t\t\t\t<\/div>\n\t\t<\/div>\n\t\t\t\t\t<\/div>\n\t\t<\/section>\n\t\t\t\t<section class=\"elementor-section elementor-top-section elementor-element elementor-element-d027345 elementor-section-full_width elementor-section-height-default elementor-section-height-default\" data-id=\"d027345\" data-element_type=\"section\">\n\t\t\t\t\t\t<div class=\"elementor-container elementor-column-gap-no\">\n\t\t\t\t\t<div class=\"elementor-column elementor-col-100 elementor-top-column elementor-element elementor-element-27dbfcb\" data-id=\"27dbfcb\" data-element_type=\"column\">\n\t\t\t<div class=\"elementor-widget-wrap elementor-element-populated\">\n\t\t\t\t\t\t<div class=\"elementor-element elementor-element-ac6364d elementor-widget__width-initial elementor-absolute elementor-hidden-mobile elementor-widget elementor-widget-image\" data-id=\"ac6364d\" data-element_type=\"widget\" data-settings=\"{&quot;_position&quot;:&quot;absolute&quot;}\" data-widget_type=\"image.default\">\n\t\t\t\t<div class=\"elementor-widget-container\">\n\t\t\t\t\t\t\t\t\t\t\t\t\t\t\t<img loading=\"lazy\" decoding=\"async\" width=\"368\" height=\"736\" src=\"https:\/\/constantinbucovina.ro\/wp-content\/uploads\/2023\/01\/Vector-1-e1696406699583.png\" class=\"attachment-full size-full wp-image-294\" alt=\"\" srcset=\"https:\/\/constantinbucovina.ro\/wp-content\/uploads\/2023\/01\/Vector-1-e1696406699583.png 368w, https:\/\/constantinbucovina.ro\/wp-content\/uploads\/2023\/01\/Vector-1-e1696406699583-150x300.png 150w\" sizes=\"(max-width: 368px) 100vw, 368px\" \/>\t\t\t\t\t\t\t\t\t\t\t\t\t\t\t<\/div>\n\t\t\t\t<\/div>\n\t\t\t\t<div class=\"elementor-element elementor-element-7e60f73 elementor-widget elementor-widget-heading\" data-id=\"7e60f73\" data-element_type=\"widget\" data-widget_type=\"heading.default\">\n\t\t\t\t<div class=\"elementor-widget-container\">\n\t\t\t\t\t<h2 class=\"elementor-heading-title elementor-size-default\">CAMERE<\/h2>\t\t\t\t<\/div>\n\t\t\t\t<\/div>\n\t\t\t\t<div class=\"elementor-element elementor-element-761cfb5 elementor-widget elementor-widget-image\" data-id=\"761cfb5\" data-element_type=\"widget\" data-widget_type=\"image.default\">\n\t\t\t\t<div class=\"elementor-widget-container\">\n\t\t\t\t\t\t\t\t\t\t\t\t\t\t\t<img loading=\"lazy\" decoding=\"async\" width=\"554\" height=\"91\" src=\"https:\/\/constantinbucovina.ro\/wp-content\/uploads\/2023\/01\/Group-703.png\" class=\"attachment-full size-full wp-image-161\" alt=\"\" srcset=\"https:\/\/constantinbucovina.ro\/wp-content\/uploads\/2023\/01\/Group-703.png 554w, https:\/\/constantinbucovina.ro\/wp-content\/uploads\/2023\/01\/Group-703-300x49.png 300w\" sizes=\"(max-width: 554px) 100vw, 554px\" \/>\t\t\t\t\t\t\t\t\t\t\t\t\t\t\t<\/div>\n\t\t\t\t<\/div>\n\t\t\t\t<div class=\"elementor-element elementor-element-8d63863 elementor-widget elementor-widget-text-editor\" data-id=\"8d63863\" data-element_type=\"widget\" data-widget_type=\"text-editor.default\">\n\t\t\t\t<div class=\"elementor-widget-container\">\n\t\t\t\t\t\t\t\t\t<p><strong>Complesso Turistico Constantin<\/strong> \u00e8 caratterizzato dalla maggior parte dei suoi ospiti come un autentico esempio di buon gusto e raffinatezza.<\/p>\n\t\t\t\t\t\t\t\t<\/div>\n\t\t\t\t<\/div>\n\t\t\t\t<div class=\"elementor-element elementor-element-da3c130 elementor-align-right elementor-widget elementor-widget-button\" data-id=\"da3c130\" data-element_type=\"widget\" data-widget_type=\"button.default\">\n\t\t\t\t<div class=\"elementor-widget-container\">\n\t\t\t\t\t\t\t\t\t<div class=\"elementor-button-wrapper\">\n\t\t\t\t\t<a class=\"elementor-button elementor-button-link elementor-size-sm\" href=\"https:\/\/constantinbucovina.ro\/it\/camere\/\">\n\t\t\t\t\t\t<span class=\"elementor-button-content-wrapper\">\n\t\t\t\t\t\t\t\t\t<span class=\"elementor-button-text\">TUTTE LE CAMERE<\/span>\n\t\t\t\t\t<\/span>\n\t\t\t\t\t<\/a>\n\t\t\t\t<\/div>\n\t\t\t\t\t\t\t\t<\/div>\n\t\t\t\t<\/div>\n\t\t\t\t\t<\/div>\n\t\t<\/div>\n\t\t\t\t\t<\/div>\n\t\t<\/section>\n\t\t\t\t<section class=\"elementor-section elementor-top-section elementor-element elementor-element-6fa8681 elementor-section-full_width elementor-section-height-default elementor-section-height-default\" data-id=\"6fa8681\" data-element_type=\"section\">\n\t\t\t\t\t\t<div class=\"elementor-container elementor-column-gap-no\">\n\t\t\t\t\t<div class=\"elementor-column elementor-col-100 elementor-top-column elementor-element elementor-element-0a8b7b1\" data-id=\"0a8b7b1\" data-element_type=\"column\">\n\t\t\t<div class=\"elementor-widget-wrap elementor-element-populated\">\n\t\t\t\t\t\t<div class=\"elementor-element elementor-element-e03b4b0 custom-slider-room e-transform elementor-skin-carousel elementor-pagination-type-bullets elementor-pagination-position-outside elementor-widget elementor-widget-media-carousel\" data-id=\"e03b4b0\" data-element_type=\"widget\" data-settings=\"{&quot;slides_per_view&quot;:&quot;4&quot;,&quot;slides_to_scroll&quot;:&quot;1&quot;,&quot;space_between&quot;:{&quot;unit&quot;:&quot;px&quot;,&quot;size&quot;:40,&quot;sizes&quot;:[]},&quot;slides_per_view_tablet&quot;:&quot;2&quot;,&quot;slides_to_scroll_tablet&quot;:&quot;1&quot;,&quot;_transform_translateX_effect&quot;:{&quot;unit&quot;:&quot;px&quot;,&quot;size&quot;:-102,&quot;sizes&quot;:[]},&quot;_transform_translateY_effect&quot;:{&quot;unit&quot;:&quot;px&quot;,&quot;size&quot;:-9,&quot;sizes&quot;:[]},&quot;space_between_tablet&quot;:{&quot;unit&quot;:&quot;px&quot;,&quot;size&quot;:25,&quot;sizes&quot;:[]},&quot;skin&quot;:&quot;carousel&quot;,&quot;effect&quot;:&quot;slide&quot;,&quot;pagination&quot;:&quot;bullets&quot;,&quot;speed&quot;:500,&quot;space_between_mobile&quot;:{&quot;unit&quot;:&quot;px&quot;,&quot;size&quot;:10,&quot;sizes&quot;:[]},&quot;_transform_translateX_effect_tablet&quot;:{&quot;unit&quot;:&quot;px&quot;,&quot;size&quot;:&quot;&quot;,&quot;sizes&quot;:[]},&quot;_transform_translateX_effect_mobile&quot;:{&quot;unit&quot;:&quot;px&quot;,&quot;size&quot;:&quot;&quot;,&quot;sizes&quot;:[]},&quot;_transform_translateY_effect_tablet&quot;:{&quot;unit&quot;:&quot;px&quot;,&quot;size&quot;:&quot;&quot;,&quot;sizes&quot;:[]},&quot;_transform_translateY_effect_mobile&quot;:{&quot;unit&quot;:&quot;px&quot;,&quot;size&quot;:&quot;&quot;,&quot;sizes&quot;:[]}}\" data-widget_type=\"media-carousel.default\">\n\t\t\t\t<div class=\"elementor-widget-container\">\n\t\t\t\t\t\t\t\t\t<div class=\"elementor-swiper\">\n\t\t\t\t\t<div class=\"elementor-main-swiper swiper\" role=\"region\" aria-roledescription=\"carousel\" aria-label=\"Slides\">\n\t\t\t\t<div class=\"swiper-wrapper\">\n\t\t\t\t\t\t\t\t\t\t\t<div class=\"swiper-slide\" role=\"group\" aria-roledescription=\"slide\">\n\t\t\t\t\t\t\t<a href=\"https:\/\/constantinbucovina.ro\/it\/double-standard\/\">\t\t<div class=\"elementor-carousel-image\" role=\"img\" aria-label=\"double standard11\" style=\"background-image: url(&#039;https:\/\/constantinbucovina.ro\/wp-content\/uploads\/2023\/08\/CTC-96-min.jpg&#039;)\">\n\n\t\t\t\n\t\t\t\t\t<\/div>\n\t\t\t\t\t<div class=\"elementor-carousel-image-overlay e-overlay-animation-fade\">\n\t\t\t\t<div class=\"room-slider-block\">\n<div class=\"room-description\">\n<span>DOUBLE STANDARD<\/span>\n<\/div>\n<\/div>\t\t\t<\/div>\n\t\t\t<\/a>\t\t\t\t\t\t<\/div>\n\t\t\t\t\t\t\t\t\t\t\t<div class=\"swiper-slide\" role=\"group\" aria-roledescription=\"slide\">\n\t\t\t\t\t\t\t<a href=\"https:\/\/constantinbucovina.ro\/it\/double-deluxe\/\">\t\t<div class=\"elementor-carousel-image\" role=\"img\" aria-label=\"double deluxe14\" style=\"background-image: url(&#039;https:\/\/constantinbucovina.ro\/wp-content\/uploads\/2023\/08\/CTC-135-min.jpg&#039;)\">\n\n\t\t\t\n\t\t\t\t\t<\/div>\n\t\t\t\t\t<div class=\"elementor-carousel-image-overlay e-overlay-animation-fade\">\n\t\t\t\t<div class=\"room-slider-block\">\n<div class=\"room-description\">\n<span>DOUBLE DELUXE<\/span>\n<\/div>\n<\/div>\t\t\t<\/div>\n\t\t\t<\/a>\t\t\t\t\t\t<\/div>\n\t\t\t\t\t\t\t\t\t\t\t<div class=\"swiper-slide\" role=\"group\" aria-roledescription=\"slide\">\n\t\t\t\t\t\t\t<a href=\"https:\/\/constantinbucovina.ro\/it\/business\/\">\t\t<div class=\"elementor-carousel-image\" role=\"img\" aria-label=\"business5\" style=\"background-image: url(&#039;https:\/\/constantinbucovina.ro\/wp-content\/uploads\/2023\/08\/CTC-249.jpg&#039;)\">\n\n\t\t\t\n\t\t\t\t\t<\/div>\n\t\t\t\t\t<div class=\"elementor-carousel-image-overlay e-overlay-animation-fade\">\n\t\t\t\t<div class=\"room-slider-block\">\n<div class=\"room-description\">\n<span>BUSINESS<\/span>\n<\/div>\n<\/div>\t\t\t<\/div>\n\t\t\t<\/a>\t\t\t\t\t\t<\/div>\n\t\t\t\t\t\t\t\t\t\t\t<div class=\"swiper-slide\" role=\"group\" aria-roledescription=\"slide\">\n\t\t\t\t\t\t\t<a href=\"https:\/\/constantinbucovina.ro\/it\/double-premium-king\/\">\t\t<div class=\"elementor-carousel-image\" role=\"img\" aria-label=\"king13\" style=\"background-image: url(&#039;https:\/\/constantinbucovina.ro\/wp-content\/uploads\/2023\/08\/CTC-7-min.jpg&#039;)\">\n\n\t\t\t\n\t\t\t\t\t<\/div>\n\t\t\t\t\t<div class=\"elementor-carousel-image-overlay e-overlay-animation-fade\">\n\t\t\t\t<div class=\"room-slider-block\">\n<div class=\"room-description\">\n<span>DOUBLE PREMIUM KING<\/span>\n<\/div>\n<\/div>\t\t\t<\/div>\n\t\t\t<\/a>\t\t\t\t\t\t<\/div>\n\t\t\t\t\t\t\t\t\t\t\t<div class=\"swiper-slide\" role=\"group\" aria-roledescription=\"slide\">\n\t\t\t\t\t\t\t<a href=\"https:\/\/constantinbucovina.ro\/it\/double-premium-queen\/\">\t\t<div class=\"elementor-carousel-image\" role=\"img\" aria-label=\"queen16\" style=\"background-image: url(&#039;https:\/\/constantinbucovina.ro\/wp-content\/uploads\/2023\/08\/CTC-70-min.jpg&#039;)\">\n\n\t\t\t\n\t\t\t\t\t<\/div>\n\t\t\t\t\t<div class=\"elementor-carousel-image-overlay e-overlay-animation-fade\">\n\t\t\t\t<div class=\"room-slider-block\">\n<div class=\"room-description\">\n<span>DOUBLE PREMIUM QUEEN<\/span>\n<\/div>\n<\/div>\t\t\t<\/div>\n\t\t\t<\/a>\t\t\t\t\t\t<\/div>\n\t\t\t\t\t\t\t\t\t<\/div>\n\t\t\t\t\t\t\t\t\t\t\t\t\t\t\t\t\t\t\t\t<div class=\"swiper-pagination\"><\/div>\n\t\t\t\t\t\t\t\t\t\t\t\t<\/div>\n\t\t\t\t<\/div>\n\t\t\t\t\t\t\t\t<\/div>\n\t\t\t\t<\/div>\n\t\t\t\t\t<\/div>\n\t\t<\/div>\n\t\t\t\t\t<\/div>\n\t\t<\/section>\n\t\t\t\t<\/div>\n\t\t","protected":false},"excerpt":{"rendered":"<p>CHI SIAMO Scopri la gemma della Bucovina &#8211; il Complesso Turistico Constantin di C\u00e2mpulung Moldovenesc, Suceava. Situato nel cuore di questa regione da favola, il nostro complesso ti invita a sperimentare raffinatezza e autenticit\u00e0 in ogni dettaglio. Con 27 camere progettate per offrirti le pi\u00f9 pittoresche viste montane, ti assicuriamo che ogni momento passato qui [&hellip;]<\/p>\n","protected":false},"author":1,"featured_media":0,"parent":0,"menu_order":0,"comment_status":"closed","ping_status":"closed","template":"elementor_header_footer","meta":{"footnotes":""},"class_list":["post-6528","page","type-page","status-publish","hentry"],"_links":{"self":[{"href":"https:\/\/constantinbucovina.ro\/it\/wp-json\/wp\/v2\/pages\/6528","targetHints":{"allow":["GET"]}}],"collection":[{"href":"https:\/\/constantinbucovina.ro\/it\/wp-json\/wp\/v2\/pages"}],"about":[{"href":"https:\/\/constantinbucovina.ro\/it\/wp-json\/wp\/v2\/types\/page"}],"author":[{"embeddable":true,"href":"https:\/\/constantinbucovina.ro\/it\/wp-json\/wp\/v2\/users\/1"}],"replies":[{"embeddable":true,"href":"https:\/\/constantinbucovina.ro\/it\/wp-json\/wp\/v2\/comments?post=6528"}],"version-history":[{"count":8,"href":"https:\/\/constantinbucovina.ro\/it\/wp-json\/wp\/v2\/pages\/6528\/revisions"}],"predecessor-version":[{"id":9382,"href":"https:\/\/constantinbucovina.ro\/it\/wp-json\/wp\/v2\/pages\/6528\/revisions\/9382"}],"wp:attachment":[{"href":"https:\/\/constantinbucovina.ro\/it\/wp-json\/wp\/v2\/media?parent=6528"}],"curies":[{"name":"wp","href":"https:\/\/api.w.org\/{rel}","templated":true}]}}