{"id":6552,"date":"2023-01-11T09:15:14","date_gmt":"2023-01-11T07:15:14","guid":{"rendered":"https:\/\/constantinbucovina.ro\/politica-sulla-privacy\/"},"modified":"2023-10-09T16:44:22","modified_gmt":"2023-10-09T13:44:22","slug":"politica-sulla-privacy","status":"publish","type":"page","link":"https:\/\/constantinbucovina.ro\/it\/politica-sulla-privacy\/","title":{"rendered":"Politica sulla privacy"},"content":{"rendered":"\t\t<div data-elementor-type=\"wp-page\" data-elementor-id=\"6552\" class=\"elementor elementor-6552 elementor-78\" data-elementor-post-type=\"page\">\n\t\t\t\t\t\t<section class=\"elementor-section elementor-top-section elementor-element elementor-element-069c432 elementor-section-full_width elementor-section-height-default elementor-section-height-default\" data-id=\"069c432\" data-element_type=\"section\">\n\t\t\t\t\t\t<div class=\"elementor-container elementor-column-gap-no\">\n\t\t\t\t\t<div class=\"elementor-column elementor-col-100 elementor-top-column elementor-element elementor-element-dcaa74a\" data-id=\"dcaa74a\" data-element_type=\"column\">\n\t\t\t<div class=\"elementor-widget-wrap elementor-element-populated\">\n\t\t\t\t\t\t<div class=\"elementor-element elementor-element-c270de3 elementor-widget elementor-widget-heading\" data-id=\"c270de3\" data-element_type=\"widget\" data-widget_type=\"heading.default\">\n\t\t\t\t<div class=\"elementor-widget-container\">\n\t\t\t\t\t<h2 class=\"elementor-heading-title elementor-size-default\">POLITICA <BR> SULLA PRIVACY<\/h2>\t\t\t\t<\/div>\n\t\t\t\t<\/div>\n\t\t\t\t<div class=\"elementor-element elementor-element-6c5ca8e elementor-widget elementor-widget-image\" data-id=\"6c5ca8e\" data-element_type=\"widget\" data-widget_type=\"image.default\">\n\t\t\t\t<div class=\"elementor-widget-container\">\n\t\t\t\t\t\t\t\t\t\t\t\t\t\t\t<img fetchpriority=\"high\" decoding=\"async\" width=\"554\" height=\"91\" src=\"https:\/\/constantinbucovina.ro\/wp-content\/uploads\/2023\/01\/Group-702.png\" class=\"attachment-full size-full wp-image-154\" alt=\"\" srcset=\"https:\/\/constantinbucovina.ro\/wp-content\/uploads\/2023\/01\/Group-702.png 554w, https:\/\/constantinbucovina.ro\/wp-content\/uploads\/2023\/01\/Group-702-300x49.png 300w\" sizes=\"(max-width: 554px) 100vw, 554px\" \/>\t\t\t\t\t\t\t\t\t\t\t\t\t\t\t<\/div>\n\t\t\t\t<\/div>\n\t\t\t\t<div class=\"elementor-element elementor-element-feeb2f2 elementor-widget__width-initial elementor-absolute e-transform elementor-hidden-mobile elementor-widget elementor-widget-image\" data-id=\"feeb2f2\" data-element_type=\"widget\" data-settings=\"{&quot;_position&quot;:&quot;absolute&quot;,&quot;_transform_rotateZ_effect&quot;:{&quot;unit&quot;:&quot;px&quot;,&quot;size&quot;:180,&quot;sizes&quot;:[]},&quot;_transform_rotateZ_effect_tablet&quot;:{&quot;unit&quot;:&quot;deg&quot;,&quot;size&quot;:&quot;&quot;,&quot;sizes&quot;:[]},&quot;_transform_rotateZ_effect_mobile&quot;:{&quot;unit&quot;:&quot;deg&quot;,&quot;size&quot;:&quot;&quot;,&quot;sizes&quot;:[]}}\" data-widget_type=\"image.default\">\n\t\t\t\t<div class=\"elementor-widget-container\">\n\t\t\t\t\t\t\t\t\t\t\t\t\t\t\t<img decoding=\"async\" width=\"368\" height=\"736\" src=\"https:\/\/constantinbucovina.ro\/wp-content\/uploads\/2023\/01\/Vector-1-e1696406699583.png\" class=\"attachment-large size-large wp-image-294\" alt=\"\" srcset=\"https:\/\/constantinbucovina.ro\/wp-content\/uploads\/2023\/01\/Vector-1-e1696406699583.png 368w, https:\/\/constantinbucovina.ro\/wp-content\/uploads\/2023\/01\/Vector-1-e1696406699583-150x300.png 150w\" sizes=\"(max-width: 368px) 100vw, 368px\" \/>\t\t\t\t\t\t\t\t\t\t\t\t\t\t\t<\/div>\n\t\t\t\t<\/div>\n\t\t\t\t\t<\/div>\n\t\t<\/div>\n\t\t\t\t\t<\/div>\n\t\t<\/section>\n\t\t\t\t<section class=\"elementor-section elementor-top-section elementor-element elementor-element-6c4aeae elementor-section-boxed elementor-section-height-default elementor-section-height-default\" data-id=\"6c4aeae\" data-element_type=\"section\">\n\t\t\t\t\t\t<div class=\"elementor-container elementor-column-gap-default\">\n\t\t\t\t\t<div class=\"elementor-column elementor-col-100 elementor-top-column elementor-element elementor-element-c180e5f\" data-id=\"c180e5f\" data-element_type=\"column\">\n\t\t\t<div class=\"elementor-widget-wrap elementor-element-populated\">\n\t\t\t\t\t\t<div class=\"elementor-element elementor-element-10a51b7 elementor-widget elementor-widget-text-editor\" data-id=\"10a51b7\" data-element_type=\"widget\" data-widget_type=\"text-editor.default\">\n\t\t\t\t<div class=\"elementor-widget-container\">\n\t\t\t\t\t\t\t\t\t<div class=\"flex-1 overflow-hidden\">\n<div class=\"react-scroll-to-bottom--css-endsb-79elbk h-full dark:bg-gray-800\">\n<div class=\"react-scroll-to-bottom--css-endsb-1n7m0yu\">\n<div class=\"flex flex-col text-sm dark:bg-gray-800\">\n<div class=\"group w-full text-token-text-primary border-b border-black\/10 dark:border-gray-900\/50 bg-gray-50 dark:bg-[#444654]\" data-testid=\"conversation-turn-7\">\n<div class=\"p-4 justify-center text-base md:gap-6 md:py-6 lg:px-0 m-auto\">\n<div class=\"flex flex-1 gap-4 text-base mx-auto md:gap-6 md:max-w-2xl lg:max-w-[38rem] xl:max-w-3xl}\">\n<div class=\"relative flex w-[calc(100%-50px)] flex-col gap-1 md:gap-3 lg:w-[calc(100%-115px)]\">\n<div class=\"flex flex-grow flex-col gap-3 max-w-full\">\n<div class=\"min-h-[20px] flex flex-col items-start gap-3 overflow-x-auto whitespace-pre-wrap break-words\">\n<div class=\"markdown prose w-full break-words dark:prose-invert light\">\n<p><strong>Ultimo aggiornamento: 30. 08. 2023<\/strong><\/p>\n<p>Questa pagina descrive come proteggiamo la tua privacy durante l&#8217;uso di questo sito.<\/p>\n<p><strong>Raccolta dei dati personali<\/strong><\/p>\n<p>Non raccogliamo attivamente o intenzionalmente dati personali come il nome, il cognome, l&#8217;indirizzo email o altre informazioni personali su questo sito web.<\/p>\n<p><strong>Utilizzo dei dati personali<\/strong><\/p>\n<p>Anche se non raccogliamo dati personali direttamente su questo sito, \u00e8 possibile che tu utilizzi il nostro sito per accedere a link a servizi di terze parti, come la nostra piattaforma di prenotazione online. Si prega di notare che questi servizi di terze parti hanno le proprie politiche sulla privacy e i propri termini e condizioni. Qualsiasi informazione fornita su quelle piattaforme \u00e8 soggetta alla politica sulla privacy del rispettivo servizio. Prima di fornire informazioni personali o utilizzare tali servizi, ti consigliamo di consultare la loro politica sulla privacy per capire come proteggono i tuoi dati.<\/p>\n<p><strong>Protezione dei dati<\/strong><\/p>\n<p>Anche se non raccogliamo direttamente dati personali su questo sito, ci impegniamo a prendere misure adeguate per proteggere la tua privacy e a rispettare le leggi sulla protezione dei dati personali.<\/p>\n<p><strong>Link a siti di terze parti<\/strong><\/p>\n<p>Per il processo di prenotazione di camere o spazi per eventi presso il Complex Turistic Constantin, utilizziamo un servizio esterno di prenotazione online. Si prega di notare che questo servizio ha le proprie politiche sulla privacy e i propri termini e condizioni. Puoi accedere alla nostra piattaforma di prenotazione facendo clic sul seguente link: <a href=\"https:\/\/complex-turistic-constantin-bucovina.pynbooking.direct\/\" target=\"_new\" rel=\"noopener\">Complex Turistic Constantin Prenotazioni<\/a>.<\/p>\n<p>\u00c8 importante notare che questa piattaforma di prenotazione \u00e8 gestita da un terzo, e qualsiasi informazione fornita su quella piattaforma \u00e8 soggetta alla politica sulla privacy del servizio rispettivo. Complex Turistic Constantin non si assume responsabilit\u00e0 per le pratiche sulla privacy di questo servizio esterno. Prima di fornire informazioni personali o utilizzare la piattaforma di prenotazione, ti consigliamo di consultare la loro politica sulla privacy per capire come proteggono i tuoi dati.<\/p>\n<p><strong>I tuoi diritti<\/strong><\/p>\n<p>Anche se non raccogliamo direttamente dati personali, \u00e8 importante sapere che hai il diritto di essere informato sulla gestione dei dati personali, in conformit\u00e0 con le leggi applicabili. Per eventuali domande sulla nostra politica sulla privacy o sui tuoi diritti, ti invitiamo a contattarci utilizzando i dettagli forniti di seguito.<\/p>\n<p><strong>Contatti<\/strong><\/p>\n<p>Se hai domande o dubbi sulla privacy o su questa politica, ti preghiamo di contattarci via email all&#8217;indirizzo <a href=\"mailto:contact@constantinbucovina.ro\" target=\"_new\">contact@constantinbucovina.ro<\/a> o per telefono al numero 0752 066 026.<\/p>\n<p>Questa politica sulla privacy pu\u00f2 essere aggiornata periodicamente. Ti consigliamo di verificare questa pagina regolarmente per essere informato su eventuali modifiche.<\/p>\n<\/div>\n<\/div>\n<\/div>\n<\/div>\n<\/div>\n<\/div>\n<\/div>\n<\/div>\n<\/div>\n<\/div>\n<\/div>\n\t\t\t\t\t\t\t\t<\/div>\n\t\t\t\t<\/div>\n\t\t\t\t\t<\/div>\n\t\t<\/div>\n\t\t\t\t\t<\/div>\n\t\t<\/section>\n\t\t\t\t<\/div>\n\t\t","protected":false},"excerpt":{"rendered":"<p>POLITICA SULLA PRIVACY Ultimo aggiornamento: 30. 08. 2023 Questa pagina descrive come proteggiamo la tua privacy durante l&#8217;uso di questo sito. Raccolta dei dati personali Non raccogliamo attivamente o intenzionalmente dati personali come il nome, il cognome, l&#8217;indirizzo email o altre informazioni personali su questo sito web. Utilizzo dei dati personali Anche se non raccogliamo [&hellip;]<\/p>\n","protected":false},"author":1,"featured_media":0,"parent":0,"menu_order":0,"comment_status":"closed","ping_status":"closed","template":"elementor_header_footer","meta":{"footnotes":""},"class_list":["post-6552","page","type-page","status-publish","hentry"],"_links":{"self":[{"href":"https:\/\/constantinbucovina.ro\/it\/wp-json\/wp\/v2\/pages\/6552","targetHints":{"allow":["GET"]}}],"collection":[{"href":"https:\/\/constantinbucovina.ro\/it\/wp-json\/wp\/v2\/pages"}],"about":[{"href":"https:\/\/constantinbucovina.ro\/it\/wp-json\/wp\/v2\/types\/page"}],"author":[{"embeddable":true,"href":"https:\/\/constantinbucovina.ro\/it\/wp-json\/wp\/v2\/users\/1"}],"replies":[{"embeddable":true,"href":"https:\/\/constantinbucovina.ro\/it\/wp-json\/wp\/v2\/comments?post=6552"}],"version-history":[{"count":2,"href":"https:\/\/constantinbucovina.ro\/it\/wp-json\/wp\/v2\/pages\/6552\/revisions"}],"predecessor-version":[{"id":8202,"href":"https:\/\/constantinbucovina.ro\/it\/wp-json\/wp\/v2\/pages\/6552\/revisions\/8202"}],"wp:attachment":[{"href":"https:\/\/constantinbucovina.ro\/it\/wp-json\/wp\/v2\/media?parent=6552"}],"curies":[{"name":"wp","href":"https:\/\/api.w.org\/{rel}","templated":true}]}}