{"id":6566,"date":"2023-01-11T09:15:25","date_gmt":"2023-01-11T07:15:25","guid":{"rendered":"https:\/\/constantinbucovina.ro\/politica-sui-cookie\/"},"modified":"2023-10-09T16:46:03","modified_gmt":"2023-10-09T13:46:03","slug":"politica-sui-cookie","status":"publish","type":"page","link":"https:\/\/constantinbucovina.ro\/it\/politica-sui-cookie\/","title":{"rendered":"Politica sui cookie"},"content":{"rendered":"\t\t<div data-elementor-type=\"wp-page\" data-elementor-id=\"6566\" class=\"elementor elementor-6566 elementor-80\" data-elementor-post-type=\"page\">\n\t\t\t\t\t\t<section class=\"elementor-section elementor-top-section elementor-element elementor-element-616b275 elementor-section-full_width elementor-section-height-default elementor-section-height-default\" data-id=\"616b275\" data-element_type=\"section\">\n\t\t\t\t\t\t<div class=\"elementor-container elementor-column-gap-no\">\n\t\t\t\t\t<div class=\"elementor-column elementor-col-100 elementor-top-column elementor-element elementor-element-12f8350\" data-id=\"12f8350\" data-element_type=\"column\">\n\t\t\t<div class=\"elementor-widget-wrap elementor-element-populated\">\n\t\t\t\t\t\t<div class=\"elementor-element elementor-element-fe1c151 elementor-widget elementor-widget-heading\" data-id=\"fe1c151\" data-element_type=\"widget\" data-widget_type=\"heading.default\">\n\t\t\t\t<div class=\"elementor-widget-container\">\n\t\t\t\t\t<h2 class=\"elementor-heading-title elementor-size-default\">POLITICA SUI COOKIE<\/h2>\t\t\t\t<\/div>\n\t\t\t\t<\/div>\n\t\t\t\t<div class=\"elementor-element elementor-element-ace0de8 elementor-widget elementor-widget-image\" data-id=\"ace0de8\" data-element_type=\"widget\" data-widget_type=\"image.default\">\n\t\t\t\t<div class=\"elementor-widget-container\">\n\t\t\t\t\t\t\t\t\t\t\t\t\t\t\t<img fetchpriority=\"high\" decoding=\"async\" width=\"554\" height=\"91\" src=\"https:\/\/constantinbucovina.ro\/wp-content\/uploads\/2023\/01\/Group-702.png\" class=\"attachment-full size-full wp-image-154\" alt=\"\" srcset=\"https:\/\/constantinbucovina.ro\/wp-content\/uploads\/2023\/01\/Group-702.png 554w, https:\/\/constantinbucovina.ro\/wp-content\/uploads\/2023\/01\/Group-702-300x49.png 300w\" sizes=\"(max-width: 554px) 100vw, 554px\" \/>\t\t\t\t\t\t\t\t\t\t\t\t\t\t\t<\/div>\n\t\t\t\t<\/div>\n\t\t\t\t<div class=\"elementor-element elementor-element-c81b6eb elementor-widget__width-initial elementor-absolute e-transform elementor-hidden-mobile elementor-widget elementor-widget-image\" data-id=\"c81b6eb\" data-element_type=\"widget\" data-settings=\"{&quot;_position&quot;:&quot;absolute&quot;,&quot;_transform_rotateZ_effect&quot;:{&quot;unit&quot;:&quot;px&quot;,&quot;size&quot;:180,&quot;sizes&quot;:[]},&quot;_transform_rotateZ_effect_tablet&quot;:{&quot;unit&quot;:&quot;deg&quot;,&quot;size&quot;:&quot;&quot;,&quot;sizes&quot;:[]},&quot;_transform_rotateZ_effect_mobile&quot;:{&quot;unit&quot;:&quot;deg&quot;,&quot;size&quot;:&quot;&quot;,&quot;sizes&quot;:[]}}\" data-widget_type=\"image.default\">\n\t\t\t\t<div class=\"elementor-widget-container\">\n\t\t\t\t\t\t\t\t\t\t\t\t\t\t\t<img decoding=\"async\" width=\"368\" height=\"736\" src=\"https:\/\/constantinbucovina.ro\/wp-content\/uploads\/2023\/01\/Vector-1-e1696406699583.png\" class=\"attachment-large size-large wp-image-294\" alt=\"\" srcset=\"https:\/\/constantinbucovina.ro\/wp-content\/uploads\/2023\/01\/Vector-1-e1696406699583.png 368w, https:\/\/constantinbucovina.ro\/wp-content\/uploads\/2023\/01\/Vector-1-e1696406699583-150x300.png 150w\" sizes=\"(max-width: 368px) 100vw, 368px\" \/>\t\t\t\t\t\t\t\t\t\t\t\t\t\t\t<\/div>\n\t\t\t\t<\/div>\n\t\t\t\t\t<\/div>\n\t\t<\/div>\n\t\t\t\t\t<\/div>\n\t\t<\/section>\n\t\t\t\t<section class=\"elementor-section elementor-top-section elementor-element elementor-element-ae86125 elementor-section-boxed elementor-section-height-default elementor-section-height-default\" data-id=\"ae86125\" data-element_type=\"section\">\n\t\t\t\t\t\t<div class=\"elementor-container elementor-column-gap-default\">\n\t\t\t\t\t<div class=\"elementor-column elementor-col-100 elementor-top-column elementor-element elementor-element-687a00d\" data-id=\"687a00d\" data-element_type=\"column\">\n\t\t\t<div class=\"elementor-widget-wrap elementor-element-populated\">\n\t\t\t\t\t\t<div class=\"elementor-element elementor-element-fd2cb27 elementor-widget elementor-widget-text-editor\" data-id=\"fd2cb27\" data-element_type=\"widget\" data-widget_type=\"text-editor.default\">\n\t\t\t\t<div class=\"elementor-widget-container\">\n\t\t\t\t\t\t\t\t\t<h5 class=\"dlab-title m-t0\">Cos&#8217;\u00e8 un cookie?<\/h5>\n<p>Un cookie \u00e8 un piccolo file di dati associato a un sito web per facilitarne il corretto funzionamento, l&#8217;efficienza e la sicurezza. I cookie vengono installati attraverso le richieste inviate da un server a un browser web (ad esempio, Internet Explorer, Mozilla Firefox, Google Chrome). Questi file non contengono programmi software, virus o spyware e non possono accedere alle informazioni memorizzate sull&#8217;unit\u00e0 disco del dispositivo. I cookie non richiedono informazioni personali per essere utilizzati e nella maggior parte dei casi non identificano personalmente gli utenti di Internet. La durata di vita dei cookie pu\u00f2 variare notevolmente a seconda dello scopo per cui sono collocati. Gli utenti possono eliminare i cookie in qualsiasi momento tramite le impostazioni del browser.<\/p>\n<p>I cookie stessi non richiedono informazioni personali per essere utilizzati e, nella maggior parte dei casi, non identificano personalmente gli utenti di Internet.<\/p>\n<p><strong>Esistono due categorie principali di cookie:<\/strong><\/p>\n<p>&#8211; Cookie di sessione: vengono memorizzati temporaneamente nella cartella dei cookie del browser web in modo che il browser li conservi fino a quando l&#8217;utente esce dal sito web o chiude la finestra del browser (ad esempio, al momento del login\/logout su un account di posta elettronica o su reti sociali).<\/p>\n<p>&#8211; Cookie persistenti: vengono memorizzati sull&#8217;unit\u00e0 disco di un computer o di un dispositivo (e generalmente dipendono dalla durata di vita predefinita del cookie). I cookie persistenti includono anche quelli collocati da un sito web diverso da quello visitato dall&#8217;utente al momento, noti come &#8220;cookie di terze parti&#8221;, che possono essere utilizzati in modo anonimo per memorizzare gli interessi di un utente al fine di fornire pubblicit\u00e0 pi\u00f9 pertinenti.<\/p>\n<p><strong>Quali sono i vantaggi dei cookie?<\/strong><\/p>\n<p>Un cookie contiene informazioni che collegano un web browser (l&#8217;utente) a un server web specifico (il sito web). Se un browser accede nuovamente a quel server web, pu\u00f2 leggere le informazioni gi\u00e0 memorizzate e rispondere di conseguenza. I cookie offrono agli utenti un&#8217;esperienza di navigazione piacevole e supportano gli sforzi di molti siti web nel fornire servizi comodi agli utenti, come ad esempio le preferenze sulla privacy online, le opzioni linguistiche del sito, i carrelli della spesa o la pubblicit\u00e0 rilevante.<\/p>\n<p><strong>Qual \u00e8 la durata di vita di un cookie?<\/strong><\/p>\n<p>I cookie sono gestiti dai server web. La durata di vita di un cookie pu\u00f2 variare notevolmente a seconda dello scopo per cui \u00e8 stato collocato. Alcuni cookie sono utilizzati esclusivamente per una singola sessione (cookie di sessione) e non vengono pi\u00f9 conservati una volta che l&#8217;utente ha lasciato il sito web, mentre altri cookie vengono conservati e riutilizzati ogni volta che l&#8217;utente torna su quel sito web (cookie persistenti). Tuttavia, gli utenti possono eliminare i cookie in qualsiasi momento tramite le impostazioni del browser.<\/p>\n<p><strong>Cosa sono i cookie collocati da terze parti?<\/strong><\/p>\n<p>Alcune sezioni di contenuto su alcuni siti web possono essere fornite da terze parti\/fornitori (ad esempio, una casella delle notizie, un video o una pubblicit\u00e0). Queste terze parti possono anche collocare cookie tramite il sito web e sono chiamati &#8220;cookie di terze parti&#8221; perch\u00e9 non sono collocati dal proprietario del sito web in questione. Le terze parti devono anche rispettare le leggi vigenti e le politiche sulla privacy del proprietario del sito web.<\/p>\n<p><strong>Come vengono utilizzati i cookie su questo sito?<\/strong><\/p>\n<p>Una visita a questo sito pu\u00f2 collocare cookie per i seguenti scopi:<\/p>\n<ul>\n<li><strong>Cookie di prestazione del sito:<\/strong><\/li>\n<\/ul>\n<p>Questi cookie memorizzano le preferenze dell&#8217;utente su questo sito, in modo che non sia necessario impostarle ogni volta che si visita il sito. Esempi: impostazioni del volume per il lettore video, velocit\u00e0 di streaming video compatibile con il browser.<\/p>\n<ul>\n<li><strong>Cookie di analisi dei visitatori:<\/strong><\/li>\n<\/ul>\n<p>Ogni volta che un utente visita questo sito, il software di analisi fornito da una terza parte genera un cookie di analisi dell&#8217;utente. Questo cookie ci dice se hai visitato precedentemente questo sito. Il browser ci dir\u00e0 se hai questo cookie e, se non lo hai, ne genereremo uno. Ci\u00f2 consente di monitorare gli utenti unici che ci visitano e con quale frequenza lo fanno.<\/p>\n<p>Finch\u00e9 non sei registrato su questo sito, questo cookie non pu\u00f2 essere utilizzato per identificare le persone fisiche, ma viene utilizzato solo a scopo statistico. Se sei registrato, possiamo conoscere anche i dettagli che ci hai fornito, come l&#8217;indirizzo e-mail e il nome utente, che sono soggetti alle disposizioni sulla privacy e alle leggi sulla protezione dei dati personali in vigore.<\/p>\n<ul>\n<li><strong>Cookie per il geotargeting:<\/strong><\/li>\n<\/ul>\n<p>Questi cookie vengono utilizzati da un software per determinare da quale paese proviene l&#8217;utente. \u00c8 completamente anonimo e viene utilizzato solo per indirizzare il contenuto, anche se stai visitando la nostra pagina in lingua romena o in un&#8217;altra lingua, riceverai comunque la stessa pubblicit\u00e0.<\/p>\n<ul>\n<li><strong>Cookie di registrazione:<\/strong><\/li>\n<\/ul>\n<p>Quando ti registri su questo sito, viene generato un cookie che ci informa se sei registrato o meno. I nostri server utilizzano questi cookie per mostrarti l&#8217;account con cui sei registrato e se hai l&#8217;autorizzazione per un determinato servizio. Ci consente anche di associare qualsiasi commento che pubblichi sul nostro sito al tuo nome utente. Se non hai selezionato &#8220;rimani registrato&#8221;, questo cookie verr\u00e0 eliminato automaticamente quando chiudi il browser o il computer.<\/p>\n<ul>\n<li><strong>Cookie per la pubblicit\u00e0:<\/strong><\/li>\n<\/ul>\n<p>Questi cookie ci permettono di sapere se hai visualizzato o meno una pubblicit\u00e0 online, qual \u00e8 il suo tipo e da quanto tempo hai visto il messaggio pubblicitario. Questi cookie vengono utilizzati anche per indirizzare la pubblicit\u00e0 online. Possiamo anche utilizzare cookie di terze parti per una pubblicit\u00e0 pi\u00f9 mirata, ad esempio mostrando annunci sulle vacanze se l&#8217;utente ha recentemente visitato un articolo sul nostro sito sulle vacanze. Questi cookie sono anonimi e memorizzano informazioni sul contenuto visualizzato, non sugli utenti. Inoltre, impostiamo cookie anonimi su altri siti web in cui mostriamo pubblicit\u00e0. Ricevendoli, possiamo riconoscerti come utente di quel sito se successivamente visiti il nostro sito e possiamo consegnare pubblicit\u00e0 basata su queste informazioni.<\/p>\n<ul>\n<li><strong>Altri cookie di terze parti<\/strong><\/li>\n<\/ul>\n<p>In alcune pagine, terze parti possono impostare i propri cookie anonimi per monitorare il successo di un&#8217;applicazione o per personalizzare un&#8217;applicazione. A causa del modo in cui vengono utilizzati, questo sito non pu\u00f2 accedere a questi cookie, allo stesso modo in cui le terze parti non possono accedere ai cookie detenuti da questo sito. Ad esempio, quando condividi un articolo utilizzando il pulsante per i social media su questo sito, quel social media registrer\u00e0 la tua attivit\u00e0.<\/p>\n<p><strong>Quali tipi di informazioni vengono memorizzate e accessibili tramite i cookie?<\/strong><\/p>\n<p>I cookie conservano informazioni in un piccolo file di testo che consente a un sito web di riconoscere un browser. Il server web riconoscer\u00e0 il browser fino a quando il cookie scade o viene eliminato. Il cookie conserva informazioni importanti che migliorano l&#8217;esperienza di navigazione su Internet (ad esempio, le impostazioni della lingua in cui si desidera accedere a un sito, il mantenimento di un utente connesso all&#8217;account di posta elettronica web, la sicurezza delle operazioni bancarie online, il mantenimento dei prodotti nel carrello della spesa).<\/p>\n<p><strong>Perch\u00e9 i cookie sono importanti per Internet?<\/strong><\/p>\n<p>I cookie sono al centro del funzionamento efficiente di Internet, contribuendo a creare un&#8217;esperienza di navigazione amichevole e adatta alle preferenze e agli interessi di ciascun utente. Il rifiuto o la disabilitazione dei cookie pu\u00f2 rendere alcuni siti web impossibili da utilizzare. Il rifiuto o la disabilitazione dei cookie non significa che non si ricever\u00e0 pi\u00f9 pubblicit\u00e0 online, ma solo che questa non terr\u00e0 conto delle preferenze e degli interessi dell&#8217;utente evidenziati dal comportamento di navigazione.<\/p>\n<p>Esempi di importanti utilizzi dei cookie (che non richiedono l&#8217;autenticazione dell&#8217;utente tramite un account):<\/p>\n<ul>\n<li>Contenuti e servizi personalizzati alle preferenze dell&#8217;utente: categorie di notizie, previsioni meteorologiche, sport, mappe, servizi pubblici e governativi, siti di intrattenimento e servizi di viaggio.<\/li>\n<li>Offerte basate sugli interessi degli utenti: memorizzazione delle password, preferenze linguistiche (ad esempio, la visualizzazione dei risultati delle ricerche in lingua romena).<\/li>\n<li>Conservazione dei filtri di protezione dei bambini per il contenuto su Internet (ad esempio, opzioni family mode, funzioni di ricerca sicura).<\/li>\n<li>Limitazione della frequenza di visualizzazione degli annunci: limitazione del numero di visualizzazioni di un annuncio per un determinato utente su un sito.<\/li>\n<li>Fornitura di pubblicit\u00e0 pi\u00f9 rilevante per l&#8217;utente.<\/li>\n<li>Misurazione, ottimizzazione e funzionalit\u00e0 di analisi: ad esempio, la conferma di un certo livello di traffico su un sito web, quali tipi di contenuto vengono visualizzati e come un utente arriva su un sito web (ad esempio, attraverso motori di ricerca, direttamente da altri siti web, ecc.). I siti web effettuano queste analisi dell&#8217;uso per migliorare i propri siti a vantaggio degli utenti.<\/li>\n<\/ul>\n<p><strong>Sicurezza e problemi relativi alla privacy dei cookie<\/strong><\/p>\n<p>I cookie NON sono virus! Utilizzano formati di testo normale. Non sono costituiti da frammenti di codice, quindi non possono essere eseguiti o auto-eseguiti. Di conseguenza, non possono essere duplicati o replicati su altre reti per essere eseguiti o replicati nuovamente. Poich\u00e9 non possono svolgere queste funzioni, non possono essere considerati virus. Tuttavia, i cookie possono essere utilizzati per scopi negativi. Poich\u00e9 memorizzano informazioni sulle preferenze e sulla cronologia di navigazione degli utenti, sia su un determinato sito web che su altri siti web, i cookie possono essere utilizzati come forma di spyware. Molti prodotti anti-spyware sono consapevoli di questo e costantemente contrassegnano i cookie per essere eliminati durante le procedure di scansione\/rimozione dei virus e degli spyware. In generale, i browser web includono impostazioni di privacy che forniscono diversi livelli di accettazione dei cookie, la loro durata e la loro eliminazione automatica dopo che l&#8217;utente ha visitato un determinato sito web.<\/p>\n<p><strong>Altri aspetti di sicurezza legati ai cookie<\/strong><\/p>\n<p>Poich\u00e9 la protezione dell&#8217;identit\u00e0 \u00e8 estremamente importante e rappresenta un diritto di ogni utente di Internet, \u00e8 importante conoscere quali eventuali problemi possono causare i cookie. Poich\u00e9 trasmettono costantemente informazioni in entrambe le direzioni tra il browser e il sito web, se un attaccante o una persona non autorizzata interviene nella trasmissione dei dati, le informazioni contenute nei cookie possono essere intercettate. Sebbene sia un evento molto raro, ci\u00f2 pu\u00f2 accadere se il browser si connette al server utilizzando una rete non crittografata (ad esempio, una rete Wi-Fi non protetta).<\/p>\n<p>Altre minacce basate sui cookie coinvolgono impostazioni errate dei cookie sui server. Se un sito web non richiede al browser di utilizzare solo canali crittografati, gli aggressori possono sfruttare questa vulnerabilit\u00e0 per ingannare i browser nell&#8217;invio di informazioni attraverso canali non sicuri. Gli aggressori utilizzano quindi queste informazioni per accedere non autorizzatamente a determinati siti web. \u00c8 estremamente importante selezionare attentamente il metodo di protezione delle informazioni personali.<\/p>\n<p><strong>Consigli per una navigazione sicura e responsabile basata sui cookie<\/strong><\/p>\n<p>Data la flessibilit\u00e0 dei cookie e il fatto che la maggior parte dei siti web pi\u00f9 visitati e importanti li utilizza, i cookie sono quasi inevitabili. Disabilitare i cookie pu\u00f2 rendere alcuni siti web inutilizzabili o difficili da visitare e utilizzare. Inoltre, rifiutare di accettare i cookie non significa che non si ricever\u00e0 pi\u00f9 pubblicit\u00e0 online, ma solo che questa non terr\u00e0 conto delle preferenze e degli interessi dell&#8217;utente evidenziati dal comportamento di navigazione.<\/p>\n<p>Ecco alcuni suggerimenti per navigare in modo sicuro e responsabile utilizzando i cookie:<\/p>\n<ul>\n<li>Personalizza le impostazioni del tuo browser per i cookie in modo da riflettere un livello di sicurezza confortevole per te.<\/li>\n<li>Se i cookie non ti infastidiscono e sei l&#8217;unico utente del computer, puoi impostare scadenze lunghe per la conservazione della cronologia di navigazione e dei dati di accesso personale.<\/li>\n<li>Se condividi l&#8217;accesso al computer, considera l&#8217;opzione di impostare il browser per eliminare i dati di navigazione individuali ogni volta che lo chiudi. Questo ti permetter\u00e0 di accedere ai siti web che impostano i cookie e di eliminare tutte le informazioni di visita quando chiudi la sessione di navigazione.<\/li>\n<li>Installa e aggiorna regolarmente le applicazioni anti-spyware.<\/li>\n<\/ul>\n<p>Molte delle applicazioni di rilevamento e prevenzione dello spyware includono il rilevamento degli attacchi ai siti web. In questo modo, impediscono al browser di accedere a siti web che potrebbero sfruttare le vulnerabilit\u00e0 del browser o scaricare software pericolosi. Assicurati di avere sempre il browser aggiornato. Molte delle minacce basate sui cookie sono eseguite sfruttando le debolezze delle versioni obsolete dei browser.<\/p>\n<p>I cookie sono ovunque e non possono essere evitati se desideri accedere ai migliori e pi\u00f9 grandi siti web su Internet, sia locali che internazionali. Con una chiara comprensione del loro funzionamento e dei benefici che comportano, puoi prendere le misure di sicurezza necessarie per navigare in modo sicuro su Internet.<\/p>\n\t\t\t\t\t\t\t\t<\/div>\n\t\t\t\t<\/div>\n\t\t\t\t\t<\/div>\n\t\t<\/div>\n\t\t\t\t\t<\/div>\n\t\t<\/section>\n\t\t\t\t<\/div>\n\t\t","protected":false},"excerpt":{"rendered":"<p>POLITICA SUI COOKIE Cos&#8217;\u00e8 un cookie? Un cookie \u00e8 un piccolo file di dati associato a un sito web per facilitarne il corretto funzionamento, l&#8217;efficienza e la sicurezza. I cookie vengono installati attraverso le richieste inviate da un server a un browser web (ad esempio, Internet Explorer, Mozilla Firefox, Google Chrome). Questi file non contengono [&hellip;]<\/p>\n","protected":false},"author":1,"featured_media":0,"parent":0,"menu_order":0,"comment_status":"closed","ping_status":"closed","template":"elementor_header_footer","meta":{"footnotes":""},"class_list":["post-6566","page","type-page","status-publish","hentry"],"_links":{"self":[{"href":"https:\/\/constantinbucovina.ro\/it\/wp-json\/wp\/v2\/pages\/6566","targetHints":{"allow":["GET"]}}],"collection":[{"href":"https:\/\/constantinbucovina.ro\/it\/wp-json\/wp\/v2\/pages"}],"about":[{"href":"https:\/\/constantinbucovina.ro\/it\/wp-json\/wp\/v2\/types\/page"}],"author":[{"embeddable":true,"href":"https:\/\/constantinbucovina.ro\/it\/wp-json\/wp\/v2\/users\/1"}],"replies":[{"embeddable":true,"href":"https:\/\/constantinbucovina.ro\/it\/wp-json\/wp\/v2\/comments?post=6566"}],"version-history":[{"count":2,"href":"https:\/\/constantinbucovina.ro\/it\/wp-json\/wp\/v2\/pages\/6566\/revisions"}],"predecessor-version":[{"id":8208,"href":"https:\/\/constantinbucovina.ro\/it\/wp-json\/wp\/v2\/pages\/6566\/revisions\/8208"}],"wp:attachment":[{"href":"https:\/\/constantinbucovina.ro\/it\/wp-json\/wp\/v2\/media?parent=6566"}],"curies":[{"name":"wp","href":"https:\/\/api.w.org\/{rel}","templated":true}]}}